{"id":7521,"date":"2019-11-01T11:04:59","date_gmt":"2019-11-01T10:04:59","guid":{"rendered":"https:\/\/www.airtimecritical.com\/fret-aerien-urgent-prioritaire-urgences-internationales"},"modified":"2025-11-11T21:21:14","modified_gmt":"2025-11-11T20:21:14","slug":"next-flight-out","status":"publish","type":"page","link":"https:\/\/www.airtimecritical.com\/sk\/next-flight-out","title":{"rendered":"Prioritn\u00e1 leteck\u00e1 preprava | Next Flight Out"},"content":{"rendered":"<div  data-label=\"Content\" data-id=\"content--3\" data-export-id=\"content-7\" data-category=\"content\" class=\"content-7 content-section content-section-spacing\" id=\"content-3\" style=\"background-color: #ffffff; background-image: none;\">\n<div  class=\"gridContainer\">\n<div  class=\"row middle-sm\">\n<div  class=\"col-sm-6 space-bottom-xs\" data-type=\"column\">\n<h2  class=\"\" style=\"border-bottom-color: #881717;\">V\u010dasn\u00e9 doru\u010denie va\u0161ich urgentn\u00fdch leteck\u00fdch z\u00e1sielok \u2013 ke\u010f z\u00e1le\u017e\u00ed na ka\u017edej hodine<\/h2>\n<blockquote  class=\"wp-block-quote\">\n<p  style=\"text-align: justify;\">Slu\u017ebu Prioritn\u00e1 leteck\u00e1 preprava, ktor\u00fa pon\u00faka spolo\u010dnos\u0165 <a  href=\"https:\/\/www.airtimecritical.com\/sk\/o-nas\" target=\"_blank\" rel=\"noopener\" data-cp-link=\"1\">Air Time Critical\u00ae<\/a> <strong >nemo\u017eno porovn\u00e1va\u0165 s be\u017en\u00fdmi expresn\u00fdmi leteck\u00fdmi prepravami<\/strong> na trhu.<\/p>\n<\/blockquote>\n<p  class=\"\" style=\"text-align: justify;\">Ide o <strong >prepravn\u00e9 rie\u0161enie tej najvy\u0161\u0161ej \u00farovne<\/strong>. Va\u0161a z\u00e1sielka nie je konsolidovan\u00e1 s \u010fal\u0161\u00edmi \u010do otv\u00e1ra cel\u00fd rad mo\u017enost\u00ed urgentn\u00e9ho doru\u010denia:<\/p>\n\n<ul  class=\"\">\n \t<li  style=\"text-align: justify;\">doru\u010denie do druh\u00e9ho d\u0148a z Eur\u00f3py do Severnej Ameriky<\/li>\n \t<li  style=\"text-align: justify;\">doru\u010denie do druh\u00e9ho d\u0148a zo Shenzhenu do Eur\u00f3py<\/li>\n \t<li  style=\"text-align: justify;\">doru\u010denie do druh\u00e9ho d\u0148a z Hongkongu do Eur\u00f3py<\/li>\n \t<li  style=\"text-align: justify;\">doru\u010denie za 1-2 dn\u00ed z oblasti \u0160anghaja do Eur\u00f3py<\/li>\n \t<li  style=\"text-align: justify;\">doru\u010denie do druh\u00e9ho d\u0148a zo Singapuru do Eur\u00f3py<\/li>\n \t<li  style=\"text-align: justify;\">doru\u010denie v rovnak\u00fd de\u0148 v r\u00e1mci Eur\u00f3py<\/li>\n<\/ul>\n<em  class=\"\">Pozn\u00e1mka: Priemern\u00e9 \u010dasy bez obmedzen\u00ed spojen\u00fdch s pand\u00e9miou COVID-19. Pre aktualizovan\u00e9 \u010dasy <a  href=\"https:\/\/www.airtimecritical.com\/sk\/kontaktujte-nas\" target=\"_blank\" rel=\"noopener\">n\u00e1s kontaktujte<\/a>.<\/em>\n<p  class=\"lead\"><span  style=\"color: #ffffff;\">Priority Air Freight<\/span><\/p>\n\n<\/div>\n<div  class=\"col-sm-6\" data-type=\"column\"><img  decoding=\"async\" class=\"shadow-large lazy-loaded alignnone\" src=\"https:\/\/www.airtimecritical.com\/wp-content\/uploads\/2019\/11\/priority-air-freight-expedite-cargo-shipments-1.jpg\" data-lazy-type=\"image\" data-src=\"https:\/\/www.airtimecritical.com\/wp-content\/uploads\/2019\/11\/priority-air-freight-expedite-cargo-shipments-1.jpg\" alt=\"Next Flight Out\" title=\"cropped-priority-air-freight-expedite-cargo-shipments-1.jpg\" width=\"1300\" height=\"868\"><\/div>\n<\/div>\n<\/div>\n<\/div><div  data-label=\"Content\" data-id=\"content--1\" data-export-id=\"content-12\" data-category=\"content\" class=\"content-12 content-section content-section-spacing white-text\" id=\"content-1\" style=\"background-size: cover; background-position: center top; background-image: none; background-color: rgb(30, 108, 132);\">\n<div  class=\"\">\n<div  class=\"row text-center\">\n<div  class=\"section-title-col\" data-type=\"column\">\n<h2  class=\"\" style=\"text-align: center; border-bottom-color: #881717;\">U\u0161etrite 1-3 dni prepravn\u00e9ho \u010dasu v porovnan\u00ed s be\u017en\u00fdmi expresn\u00fdmi leteck\u00fdmi prepravami.<\/h2>\n<p  class=\"lead\" style=\"text-align: justify;\">Prioritn\u00e1 leteck\u00e1 preprava, naz\u00fdvan\u00e1 aj Next Flight out,&nbsp;je jeden z najr\u00fdchlej\u0161\u00edch sp\u00f4sobov ako doru\u010di\u0165 va\u0161e urgentn\u00e9 z\u00e1sielky v\u010faka mo\u017enosti vyu\u017ei\u0165 ak\u00fdko\u013evek dostupn\u00fd pasa\u017eiersky alebo n\u00e1kladn\u00fd let.<\/p>\n<p  class=\"\" style=\"text-align: justify;\">Pokr\u00fdvame viac ako 300 destin\u00e1ci\u00ed: z\u00e1padn\u00e1 Eur\u00f3pa, stredn\u00e1 Eur\u00f3pa, v\u00fdchodn\u00e1 Eur\u00f3pa, \u00c1zia \u2013 Indon\u00e9zia, India, Turecko, Austr\u00e1lia, Severn\u00e1 Amerika, Ju\u017en\u00e1 Amerika, Severn\u00e1 Afrika at\u010f.<\/p>\n\n<\/div>\n<\/div>\n<div  class=\"row center-xs middle-xs\">\n<div  class=\"col-sm-9\" data-type=\"column\"><\/div>\n<\/div>\n<\/div>\n<\/div><div  data-label=\"Contact\" data-id=\"contact--1\" data-export-id=\"contact-1\" data-category=\"contact\" class=\"contact-1 content-section content-section-spacing white-text\" data-parallax-depth=\"20\" id=\"contact-1\" style=\"background-color: #ffffff; background-image: url('https:\/\/www.airtimecritical.com\/wp-content\/uploads\/2019\/11\/monitoring-air-charter-service-urgent-air-freight-delivery.jpg'); background-size: cover; background-position: center top;\">\n<div  class=\"\">\n<div  class=\"row text-center\">\n<div  class=\"section-title-col\" data-type=\"column\">\n<h2  class=\"\" style=\"border-bottom-color: #881717;\">Kontaktujte n\u00e1s a my v\u00e1m pom\u00f4\u017eeme n\u00e1js\u0165 to najvhodnej\u0161ie logistick\u00e9 rie\u0161enie pre va\u0161u kr\u00edzov\u00fa situ\u00e1ciu.<\/h2>\n<p  class=\"lead\"><b ><span >Zariadime v\u0161etko od nakl\u00e1dky a\u017e po doru\u010denie vr\u00e1tane v\u0161etk\u00fdch formal\u00edt. Kontaktujte n\u00e1s 24\/7: +421 233 046 908 (SK\/CZ\/EN) alebo +32 2 888 84 16 (EN\/FR)\n<\/span><\/b><\/p>\n\n<\/div>\n<\/div>\n<div  class=\"row text-center\">\n<div  class=\"col-xs-12 col-sm-8 col-sm-offset-2 contact-form-wrapper inline-info\">\n<div  class=\"card large-padding\">\n<div  class=\"\" data-content-shortcode=\"mesmerize_contact_form shortcode=&quot;wpforms id=&amp;amp;quot;8993&amp;amp;quot;&quot;\" data-editable=\"true\"><div class=\"wpforms-container wpforms-container-full\" id=\"wpforms-8993\"><form id=\"wpforms-form-8993\" class=\"wpforms-validate wpforms-form\" data-formid=\"8993\" method=\"post\" enctype=\"multipart\/form-data\" action=\"\/sk\/wp-json\/wp\/v2\/pages\/7521\" data-token=\"b7d2d6749d4232ba7d6acf39fc2e7111\" data-token-time=\"1775809080\"><noscript class=\"wpforms-error-noscript\">Please enable JavaScript in your browser to complete this form.<\/noscript><div class=\"wpforms-field-container\"><div id=\"wpforms-8993-field_5-container\" class=\"wpforms-field wpforms-field-name\" data-field-id=\"5\"><label class=\"wpforms-field-label\" for=\"wpforms-8993-field_5\">Spolo\u010dnos\u0165 <span class=\"wpforms-required-label\">*<\/span><\/label><input type=\"text\" id=\"wpforms-8993-field_5\" class=\"wpforms-field-large wpforms-field-required\" name=\"wpforms[fields][5]\" required><\/div><div id=\"wpforms-8993-field_0-container\" class=\"wpforms-field wpforms-field-name\" data-field-id=\"0\"><label class=\"wpforms-field-label\" for=\"wpforms-8993-field_0\">Va\u0161e meno <span class=\"wpforms-required-label\">*<\/span><\/label><div class=\"wpforms-field-row wpforms-field-large\"><div class=\"wpforms-field-row-block wpforms-first wpforms-one-half\"><input type=\"text\" id=\"wpforms-8993-field_0\" class=\"wpforms-field-name-first wpforms-field-required\" name=\"wpforms[fields][0][first]\" placeholder=\"Meno\" required><label for=\"wpforms-8993-field_0\" class=\"wpforms-field-sublabel after wpforms-sublabel-hide\">First<\/label><\/div><div class=\"wpforms-field-row-block wpforms-one-half\"><input type=\"text\" id=\"wpforms-8993-field_0-last\" class=\"wpforms-field-name-last wpforms-field-required\" name=\"wpforms[fields][0][last]\" placeholder=\"Priezvisko\" required><label for=\"wpforms-8993-field_0-last\" class=\"wpforms-field-sublabel after wpforms-sublabel-hide\">Last<\/label><\/div><\/div><\/div><div id=\"wpforms-8993-field_1-container\" class=\"wpforms-field wpforms-field-email\" data-field-id=\"1\"><label class=\"wpforms-field-label\" for=\"wpforms-8993-field_1\">E-mail <span class=\"wpforms-required-label\">*<\/span><\/label><input type=\"email\" id=\"wpforms-8993-field_1\" class=\"wpforms-field-large wpforms-field-required\" name=\"wpforms[fields][1]\" spellcheck=\"false\" required><\/div><div id=\"wpforms-8993-field_6-container\" class=\"wpforms-field wpforms-field-text\" data-field-id=\"6\"><label class=\"wpforms-field-label\" for=\"wpforms-8993-field_6\">Nechajte n\u00e1m svoj telef\u00f3n, \u010doskoro v\u00e1m zavol\u00e1me sp\u00e4\u0165<\/label><input type=\"text\" id=\"wpforms-8993-field_6\" class=\"wpforms-field-large\" name=\"wpforms[fields][6]\" ><\/div><div id=\"wpforms-8993-field_2-container\" class=\"wpforms-field wpforms-field-textarea\" data-field-id=\"2\"><label class=\"wpforms-field-label\" for=\"wpforms-8993-field_2\">Vysvetlite svoje po\u017eiadavky <span class=\"wpforms-required-label\">*<\/span><\/label><textarea id=\"wpforms-8993-field_2\" class=\"wpforms-field-large wpforms-field-required\" name=\"wpforms[fields][2]\" required><\/textarea><div class=\"wpforms-field-description\"><p style=\"color:#808080;\">Air Time Critical\u00ae v s\u00fa\u010dasnosti pon\u00faka slu\u017eby n\u00fadzovej leteckej n\u00e1kladnej dopravy iba spolo\u010dnostiam, nie jednotlivcom.<span style=\"color:#881717;\"><b> Vyhradzujeme si pr\u00e1vo odpoveda\u0165 len na tie \u017eiadosti, ktor\u00e9 sme schopn\u00ed vybavi\u0165. \u010eakujeme za pochopenie.<\/b><\/span><\/p><\/div><\/div><\/div><!-- .wpforms-field-container --><div class=\"wpforms-field wpforms-field-hp\"><label for=\"wpforms-8993-field-hp\" class=\"wpforms-field-label\">Message<\/label><input type=\"text\" name=\"wpforms[hp]\" id=\"wpforms-8993-field-hp\" class=\"wpforms-field-medium\"><\/div><div class=\"wpforms-recaptcha-container wpforms-is-recaptcha wpforms-is-recaptcha-type-v2\" ><div class=\"g-recaptcha\" data-sitekey=\"6LdzDgEVAAAAAOf14c3OKG3MuZmB-Et3p01FJ3Dq\"><\/div><input type=\"text\" name=\"g-recaptcha-hidden\" class=\"wpforms-recaptcha-hidden\" style=\"position:absolute!important;clip:rect(0,0,0,0)!important;height:1px!important;width:1px!important;border:0!important;overflow:hidden!important;padding:0!important;margin:0!important;\" data-rule-recaptcha=\"1\"><\/div><div class=\"wpforms-submit-container\" ><input type=\"hidden\" name=\"wpforms[id]\" value=\"8993\"><input type=\"hidden\" name=\"page_title\" value=\"\"><input type=\"hidden\" name=\"page_url\" value=\"https:\/\/www.airtimecritical.com\/sk\/wp-json\/wp\/v2\/pages\/7521\"><input type=\"hidden\" name=\"url_referer\" value=\"\"><button type=\"submit\" name=\"wpforms[submit]\" id=\"wpforms-submit-8993\" class=\"wpforms-submit button color1\" data-alt-text=\"Odosielanie...\" data-submit-text=\"Odosla\u0165\" aria-live=\"assertive\" value=\"wpforms-submit\">Odosla\u0165<\/button><\/div><\/form><\/div>  <!-- .wpforms-container --><\/div>\n<\/div>\n<\/div>\n<\/div>\n<\/div>\n<\/div>","protected":false},"excerpt":{"rendered":"<p>V\u010dasn\u00e9 doru\u010denie va\u0161ich urgentn\u00fdch leteck\u00fdch z\u00e1sielok \u2013 ke\u010f z\u00e1le\u017e\u00ed na ka\u017edej hodine Slu\u017ebu Prioritn\u00e1 leteck\u00e1 preprava, ktor\u00fa pon\u00faka spolo\u010dnos\u0165 Air Time Critical\u00ae nemo\u017eno porovn\u00e1va\u0165 s be\u017en\u00fdmi expresn\u00fdmi leteck\u00fdmi prepravami na trhu. Ide o prepravn\u00e9 rie\u0161enie tej najvy\u0161\u0161ej \u00farovne. Va\u0161a z\u00e1sielka nie je konsolidovan\u00e1 s \u010fal\u0161\u00edmi \u010do otv\u00e1ra cel\u00fd rad mo\u017enost\u00ed urgentn\u00e9ho doru\u010denia: doru\u010denie do druh\u00e9ho&hellip; <br \/> <a class=\"read-more\" href=\"https:\/\/www.airtimecritical.com\/sk\/next-flight-out\">Read more<\/a><\/p>\n","protected":false},"author":2,"featured_media":7716,"parent":0,"menu_order":0,"comment_status":"closed","ping_status":"closed","template":"","meta":{"footnotes":""},"class_list":["post-7521","page","type-page","status-publish","has-post-thumbnail","hentry"],"yoast_head":"<!-- This site is optimized with the Yoast SEO Premium plugin v27.3 (Yoast SEO v27.3) - https:\/\/yoast.com\/product\/yoast-seo-premium-wordpress\/ -->\n<title>Prioritn\u00e1 leteck\u00e1 preprava | Next Flight Out - Air Time Critical\u00ae - ATC\u00ae<\/title>\n<meta name=\"description\" content=\"Prioritn\u00e1 leteck\u00e1 preprava (Next Flight Out), je jednou z najr\u00fdchlej\u0161\u00edch foriem expresn\u00e9ho doru\u010denia na komer\u010dn\u00fdch a n\u00e1kladn\u00fdch letoch.\" \/>\n<meta name=\"robots\" content=\"index, follow, max-snippet:-1, max-image-preview:large, max-video-preview:-1\" \/>\n<link rel=\"canonical\" href=\"https:\/\/www.airtimecritical.com\/sk\/next-flight-out\" \/>\n<meta property=\"og:locale\" content=\"sk_SK\" \/>\n<meta property=\"og:type\" content=\"article\" \/>\n<meta property=\"og:title\" content=\"Prioritn\u00e1 leteck\u00e1 preprava | Next Flight Out\" \/>\n<meta property=\"og:description\" content=\"Prioritn\u00e1 leteck\u00e1 preprava (Next Flight Out), je jednou z najr\u00fdchlej\u0161\u00edch foriem expresn\u00e9ho doru\u010denia na komer\u010dn\u00fdch a n\u00e1kladn\u00fdch letoch.\" \/>\n<meta property=\"og:url\" content=\"https:\/\/www.airtimecritical.com\/sk\/next-flight-out\" \/>\n<meta property=\"og:site_name\" content=\"Air Time Critical\u00ae - ATC\u00ae\" \/>\n<meta property=\"article:publisher\" content=\"https:\/\/www.facebook.com\/AirTimeCritical.Atc.airfreight\" \/>\n<meta property=\"article:modified_time\" content=\"2025-11-11T20:21:14+00:00\" \/>\n<meta property=\"og:image\" content=\"https:\/\/www.airtimecritical.com\/wp-content\/uploads\/2022\/08\/Next-Flight-Out.png\" \/>\n\t<meta property=\"og:image:width\" content=\"940\" \/>\n\t<meta property=\"og:image:height\" content=\"626\" \/>\n\t<meta property=\"og:image:type\" content=\"image\/png\" \/>\n<meta name=\"twitter:card\" content=\"summary_large_image\" \/>\n<meta name=\"twitter:site\" content=\"@AirTimeCritical\" \/>\n<meta name=\"twitter:label1\" content=\"Predpokladan\u00fd \u010das \u010d\u00edtania\" \/>\n\t<meta name=\"twitter:data1\" content=\"2 min\u00faty\" \/>\n<script type=\"application\/ld+json\" class=\"yoast-schema-graph\">{\"@context\":\"https:\\\/\\\/schema.org\",\"@graph\":[{\"@type\":\"WebPage\",\"@id\":\"https:\\\/\\\/www.airtimecritical.com\\\/sk\\\/next-flight-out\",\"url\":\"https:\\\/\\\/www.airtimecritical.com\\\/sk\\\/next-flight-out\",\"name\":\"Prioritn\u00e1 leteck\u00e1 preprava | Next Flight Out - Air Time Critical\u00ae - ATC\u00ae\",\"isPartOf\":{\"@id\":\"https:\\\/\\\/www.airtimecritical.com\\\/sk#website\"},\"primaryImageOfPage\":{\"@id\":\"https:\\\/\\\/www.airtimecritical.com\\\/sk\\\/next-flight-out#primaryimage\"},\"image\":{\"@id\":\"https:\\\/\\\/www.airtimecritical.com\\\/sk\\\/next-flight-out#primaryimage\"},\"thumbnailUrl\":\"https:\\\/\\\/www.airtimecritical.com\\\/wp-content\\\/uploads\\\/2022\\\/08\\\/Next-Flight-Out.png\",\"datePublished\":\"2019-11-01T10:04:59+00:00\",\"dateModified\":\"2025-11-11T20:21:14+00:00\",\"description\":\"Prioritn\u00e1 leteck\u00e1 preprava (Next Flight Out), je jednou z najr\u00fdchlej\u0161\u00edch foriem expresn\u00e9ho doru\u010denia na komer\u010dn\u00fdch a n\u00e1kladn\u00fdch letoch.\",\"breadcrumb\":{\"@id\":\"https:\\\/\\\/www.airtimecritical.com\\\/sk\\\/next-flight-out#breadcrumb\"},\"inLanguage\":\"sk-SK\",\"potentialAction\":[{\"@type\":\"ReadAction\",\"target\":[\"https:\\\/\\\/www.airtimecritical.com\\\/sk\\\/next-flight-out\"]}]},{\"@type\":\"ImageObject\",\"inLanguage\":\"sk-SK\",\"@id\":\"https:\\\/\\\/www.airtimecritical.com\\\/sk\\\/next-flight-out#primaryimage\",\"url\":\"https:\\\/\\\/www.airtimecritical.com\\\/wp-content\\\/uploads\\\/2022\\\/08\\\/Next-Flight-Out.png\",\"contentUrl\":\"https:\\\/\\\/www.airtimecritical.com\\\/wp-content\\\/uploads\\\/2022\\\/08\\\/Next-Flight-Out.png\",\"width\":940,\"height\":626,\"caption\":\"prioritna-letecka preprava-next-flight-out\"},{\"@type\":\"BreadcrumbList\",\"@id\":\"https:\\\/\\\/www.airtimecritical.com\\\/sk\\\/next-flight-out#breadcrumb\",\"itemListElement\":[{\"@type\":\"ListItem\",\"position\":1,\"name\":\"Home\",\"item\":\"https:\\\/\\\/www.airtimecritical.com\\\/sk\"},{\"@type\":\"ListItem\",\"position\":2,\"name\":\"Prioritn\u00e1 leteck\u00e1 preprava | Next Flight Out\"}]},{\"@type\":\"WebSite\",\"@id\":\"https:\\\/\\\/www.airtimecritical.com\\\/sk#website\",\"url\":\"https:\\\/\\\/www.airtimecritical.com\\\/sk\",\"name\":\"Air Time Critical - ATC\",\"description\":\"Air Time Critical\u00ae offers priority air freight solutions to the industry in Europe, the Americas, and Asia | Door to door transport\",\"publisher\":{\"@id\":\"https:\\\/\\\/www.airtimecritical.com\\\/sk#organization\"},\"potentialAction\":[{\"@type\":\"SearchAction\",\"target\":{\"@type\":\"EntryPoint\",\"urlTemplate\":\"https:\\\/\\\/www.airtimecritical.com\\\/sk?s={search_term_string}\"},\"query-input\":{\"@type\":\"PropertyValueSpecification\",\"valueRequired\":true,\"valueName\":\"search_term_string\"}}],\"inLanguage\":\"sk-SK\"},{\"@type\":\"Organization\",\"@id\":\"https:\\\/\\\/www.airtimecritical.com\\\/sk#organization\",\"name\":\"Airt Time Critical - ATC\",\"url\":\"https:\\\/\\\/www.airtimecritical.com\\\/sk\",\"logo\":{\"@type\":\"ImageObject\",\"inLanguage\":\"sk-SK\",\"@id\":\"https:\\\/\\\/www.airtimecritical.com\\\/sk#\\\/schema\\\/logo\\\/image\\\/\",\"url\":\"https:\\\/\\\/www.airtimecritical.com\\\/wp-content\\\/uploads\\\/2019\\\/10\\\/Logo_airtimecritical.png\",\"contentUrl\":\"https:\\\/\\\/www.airtimecritical.com\\\/wp-content\\\/uploads\\\/2019\\\/10\\\/Logo_airtimecritical.png\",\"width\":246,\"height\":141,\"caption\":\"Airt Time Critical - ATC\"},\"image\":{\"@id\":\"https:\\\/\\\/www.airtimecritical.com\\\/sk#\\\/schema\\\/logo\\\/image\\\/\"},\"sameAs\":[\"https:\\\/\\\/www.facebook.com\\\/AirTimeCritical.Atc.airfreight\",\"https:\\\/\\\/x.com\\\/AirTimeCritical\",\"https:\\\/\\\/www.instagram.com\\\/airtimecritical\\\/\",\"https:\\\/\\\/www.linkedin.com\\\/company\\\/air-time-critical-\\\/\",\"https:\\\/\\\/www.youtube.com\\\/c\\\/Airtimecritical-envois-urgents-international\\\/\"]}]}<\/script>\n<!-- \/ Yoast SEO Premium plugin. -->","yoast_head_json":{"title":"Prioritn\u00e1 leteck\u00e1 preprava | Next Flight Out - Air Time Critical\u00ae - ATC\u00ae","description":"Prioritn\u00e1 leteck\u00e1 preprava (Next Flight Out), je jednou z najr\u00fdchlej\u0161\u00edch foriem expresn\u00e9ho doru\u010denia na komer\u010dn\u00fdch a n\u00e1kladn\u00fdch letoch.","robots":{"index":"index","follow":"follow","max-snippet":"max-snippet:-1","max-image-preview":"max-image-preview:large","max-video-preview":"max-video-preview:-1"},"canonical":"https:\/\/www.airtimecritical.com\/sk\/next-flight-out","og_locale":"sk_SK","og_type":"article","og_title":"Prioritn\u00e1 leteck\u00e1 preprava | Next Flight Out","og_description":"Prioritn\u00e1 leteck\u00e1 preprava (Next Flight Out), je jednou z najr\u00fdchlej\u0161\u00edch foriem expresn\u00e9ho doru\u010denia na komer\u010dn\u00fdch a n\u00e1kladn\u00fdch letoch.","og_url":"https:\/\/www.airtimecritical.com\/sk\/next-flight-out","og_site_name":"Air Time Critical\u00ae - ATC\u00ae","article_publisher":"https:\/\/www.facebook.com\/AirTimeCritical.Atc.airfreight","article_modified_time":"2025-11-11T20:21:14+00:00","og_image":[{"width":940,"height":626,"url":"https:\/\/www.airtimecritical.com\/wp-content\/uploads\/2022\/08\/Next-Flight-Out.png","type":"image\/png"}],"twitter_card":"summary_large_image","twitter_site":"@AirTimeCritical","twitter_misc":{"Predpokladan\u00fd \u010das \u010d\u00edtania":"2 min\u00faty"},"schema":{"@context":"https:\/\/schema.org","@graph":[{"@type":"WebPage","@id":"https:\/\/www.airtimecritical.com\/sk\/next-flight-out","url":"https:\/\/www.airtimecritical.com\/sk\/next-flight-out","name":"Prioritn\u00e1 leteck\u00e1 preprava | Next Flight Out - Air Time Critical\u00ae - ATC\u00ae","isPartOf":{"@id":"https:\/\/www.airtimecritical.com\/sk#website"},"primaryImageOfPage":{"@id":"https:\/\/www.airtimecritical.com\/sk\/next-flight-out#primaryimage"},"image":{"@id":"https:\/\/www.airtimecritical.com\/sk\/next-flight-out#primaryimage"},"thumbnailUrl":"https:\/\/www.airtimecritical.com\/wp-content\/uploads\/2022\/08\/Next-Flight-Out.png","datePublished":"2019-11-01T10:04:59+00:00","dateModified":"2025-11-11T20:21:14+00:00","description":"Prioritn\u00e1 leteck\u00e1 preprava (Next Flight Out), je jednou z najr\u00fdchlej\u0161\u00edch foriem expresn\u00e9ho doru\u010denia na komer\u010dn\u00fdch a n\u00e1kladn\u00fdch letoch.","breadcrumb":{"@id":"https:\/\/www.airtimecritical.com\/sk\/next-flight-out#breadcrumb"},"inLanguage":"sk-SK","potentialAction":[{"@type":"ReadAction","target":["https:\/\/www.airtimecritical.com\/sk\/next-flight-out"]}]},{"@type":"ImageObject","inLanguage":"sk-SK","@id":"https:\/\/www.airtimecritical.com\/sk\/next-flight-out#primaryimage","url":"https:\/\/www.airtimecritical.com\/wp-content\/uploads\/2022\/08\/Next-Flight-Out.png","contentUrl":"https:\/\/www.airtimecritical.com\/wp-content\/uploads\/2022\/08\/Next-Flight-Out.png","width":940,"height":626,"caption":"prioritna-letecka preprava-next-flight-out"},{"@type":"BreadcrumbList","@id":"https:\/\/www.airtimecritical.com\/sk\/next-flight-out#breadcrumb","itemListElement":[{"@type":"ListItem","position":1,"name":"Home","item":"https:\/\/www.airtimecritical.com\/sk"},{"@type":"ListItem","position":2,"name":"Prioritn\u00e1 leteck\u00e1 preprava | Next Flight Out"}]},{"@type":"WebSite","@id":"https:\/\/www.airtimecritical.com\/sk#website","url":"https:\/\/www.airtimecritical.com\/sk","name":"Air Time Critical - ATC","description":"Air Time Critical\u00ae offers priority air freight solutions to the industry in Europe, the Americas, and Asia | Door to door transport","publisher":{"@id":"https:\/\/www.airtimecritical.com\/sk#organization"},"potentialAction":[{"@type":"SearchAction","target":{"@type":"EntryPoint","urlTemplate":"https:\/\/www.airtimecritical.com\/sk?s={search_term_string}"},"query-input":{"@type":"PropertyValueSpecification","valueRequired":true,"valueName":"search_term_string"}}],"inLanguage":"sk-SK"},{"@type":"Organization","@id":"https:\/\/www.airtimecritical.com\/sk#organization","name":"Airt Time Critical - ATC","url":"https:\/\/www.airtimecritical.com\/sk","logo":{"@type":"ImageObject","inLanguage":"sk-SK","@id":"https:\/\/www.airtimecritical.com\/sk#\/schema\/logo\/image\/","url":"https:\/\/www.airtimecritical.com\/wp-content\/uploads\/2019\/10\/Logo_airtimecritical.png","contentUrl":"https:\/\/www.airtimecritical.com\/wp-content\/uploads\/2019\/10\/Logo_airtimecritical.png","width":246,"height":141,"caption":"Airt Time Critical - ATC"},"image":{"@id":"https:\/\/www.airtimecritical.com\/sk#\/schema\/logo\/image\/"},"sameAs":["https:\/\/www.facebook.com\/AirTimeCritical.Atc.airfreight","https:\/\/x.com\/AirTimeCritical","https:\/\/www.instagram.com\/airtimecritical\/","https:\/\/www.linkedin.com\/company\/air-time-critical-\/","https:\/\/www.youtube.com\/c\/Airtimecritical-envois-urgents-international\/"]}]}},"_links":{"self":[{"href":"https:\/\/www.airtimecritical.com\/sk\/wp-json\/wp\/v2\/pages\/7521","targetHints":{"allow":["GET"]}}],"collection":[{"href":"https:\/\/www.airtimecritical.com\/sk\/wp-json\/wp\/v2\/pages"}],"about":[{"href":"https:\/\/www.airtimecritical.com\/sk\/wp-json\/wp\/v2\/types\/page"}],"author":[{"embeddable":true,"href":"https:\/\/www.airtimecritical.com\/sk\/wp-json\/wp\/v2\/users\/2"}],"replies":[{"embeddable":true,"href":"https:\/\/www.airtimecritical.com\/sk\/wp-json\/wp\/v2\/comments?post=7521"}],"version-history":[{"count":4,"href":"https:\/\/www.airtimecritical.com\/sk\/wp-json\/wp\/v2\/pages\/7521\/revisions"}],"predecessor-version":[{"id":15947,"href":"https:\/\/www.airtimecritical.com\/sk\/wp-json\/wp\/v2\/pages\/7521\/revisions\/15947"}],"wp:featuredmedia":[{"embeddable":true,"href":"https:\/\/www.airtimecritical.com\/sk\/wp-json\/wp\/v2\/media\/7716"}],"wp:attachment":[{"href":"https:\/\/www.airtimecritical.com\/sk\/wp-json\/wp\/v2\/media?parent=7521"}],"curies":[{"name":"wp","href":"https:\/\/api.w.org\/{rel}","templated":true}]}}