{"id":1765,"date":"2020-10-30T06:53:32","date_gmt":"2020-10-30T05:53:32","guid":{"rendered":"https:\/\/www.airtimecritical.com\/?page_id=1765"},"modified":"2025-11-28T11:50:02","modified_gmt":"2025-11-28T10:50:02","slug":"citar","status":"publish","type":"page","link":"https:\/\/www.airtimecritical.com\/es\/citar","title":{"rendered":"Cotizar"},"content":{"rendered":"<div data-id=\"initial-content-section\" data-export-id=\"initial-content-section\" data-label=\"Initial Content\" id=\"initial-content-section\" class=\"content-section content-section-spacing\">\r\n<div class=\"\">\r\n<div class=\"row\">\r\n<div class=\"col-xs-12 col-sm-12\">\r\n<div id=\"contact-1\" class=\"contact-1 content-section content-section-spacing white-text\" style=\"background-color: #03a9f4; background-image: url('https:\/\/www.airtimecritical.com\/wp-content\/uploads\/2019\/11\/cropped-air-charter-urgent-delivery-air-time-critical-1.jpg'); background-size: cover; background-position: center top;\" data-label=\"Contact\" data-id=\"contact--1\" data-export-id=\"contact-1\" data-category=\"contact\" data-parallax-depth=\"20\" data-section-ov=\"1\">\r\n<div class=\"\">\r\n<div class=\"row text-center\">\r\n<div class=\"section-title-col\" data-type=\"column\">\r\n<h2 data-wp-editing=\"1\" style=\"border-bottom-color: #881717;\">Cotizaci\u00f3n \u2013 Obtenga una respuesta en 30 minutos<\/h2>\r\n<\/div>\r\n<\/div>\r\n<div class=\"row text-center\">\r\n<div class=\"col-xs-12 col-sm-8 col-sm-offset-2 contact-form-wrapper inline-info\">\r\n<div class=\"card large-padding\">\r\n<div id=\"&amp;quot;27&amp;quot;\" class=\"\" title=\"&amp;quot;false&amp;quot;\" data-content-shortcode=\"mesmerize_contact_form shortcode=&quot;wpforms id=&amp;amp;quot;565&amp;amp;quot; title=&amp;amp;quot;false&amp;amp;quot; description=&amp;amp;quot;false&amp;amp;quot;&quot;\" data-editable=\"true\"><div class=\"wpforms-container wpforms-container-full\" id=\"wpforms-1848\"><form id=\"wpforms-form-1848\" class=\"wpforms-validate wpforms-form\" data-formid=\"1848\" method=\"post\" enctype=\"multipart\/form-data\" action=\"\/es\/wp-json\/wp\/v2\/pages\/1765\" data-token=\"43db1846334b5caae9b5e4c2d4210358\" data-token-time=\"1776937671\"><noscript class=\"wpforms-error-noscript\">Por favor, activa JavaScript en tu navegador para completar este formulario.<\/noscript><div class=\"wpforms-field-container\"><div id=\"wpforms-1848-field_0-container\" class=\"wpforms-field wpforms-field-name\" data-field-id=\"0\"><label class=\"wpforms-field-label\" for=\"wpforms-1848-field_0\">Fecha \/ hora de recogida <span class=\"wpforms-required-label\">*<\/span><\/label><input type=\"text\" id=\"wpforms-1848-field_0\" class=\"wpforms-field-large wpforms-field-required\" name=\"wpforms[fields][0]\" required><div class=\"wpforms-field-description\">10\/10\/2019<\/div><\/div><div id=\"wpforms-1848-field_4-container\" class=\"wpforms-field wpforms-field-name\" data-field-id=\"4\"><label class=\"wpforms-field-label\" for=\"wpforms-1848-field_4\">Lugar de recogida <span class=\"wpforms-required-label\">*<\/span><\/label><input type=\"text\" id=\"wpforms-1848-field_4\" class=\"wpforms-field-large wpforms-field-required\" name=\"wpforms[fields][4]\" required><div class=\"wpforms-field-description\">Pa\u00eds \/ Ciudad \/ C\u00f3digo postal<\/div><\/div><div id=\"wpforms-1848-field_5-container\" class=\"wpforms-field wpforms-field-name\" data-field-id=\"5\"><label class=\"wpforms-field-label\" for=\"wpforms-1848-field_5\">Lugar de entrega <span class=\"wpforms-required-label\">*<\/span><\/label><input type=\"text\" id=\"wpforms-1848-field_5\" class=\"wpforms-field-large wpforms-field-required\" name=\"wpforms[fields][5]\" required><div class=\"wpforms-field-description\">Pa\u00eds \/ Ciudad \/ C\u00f3digo postal<\/div><\/div><div id=\"wpforms-1848-field_7-container\" class=\"wpforms-field wpforms-field-radio\" data-field-id=\"7\"><label class=\"wpforms-field-label\">Embalaje<\/label><ul id=\"wpforms-1848-field_7\"><li class=\"choice-1 depth-1\"><input type=\"radio\" id=\"wpforms-1848-field_7_1\" name=\"wpforms[fields][7]\" value=\"Paletas\"  ><label class=\"wpforms-field-label-inline\" for=\"wpforms-1848-field_7_1\">Paletas<\/label><\/li><li class=\"choice-2 depth-1\"><input type=\"radio\" id=\"wpforms-1848-field_7_2\" name=\"wpforms[fields][7]\" value=\"Cajas\"  ><label class=\"wpforms-field-label-inline\" for=\"wpforms-1848-field_7_2\">Cajas<\/label><\/li><li class=\"choice-3 depth-1\"><input type=\"radio\" id=\"wpforms-1848-field_7_3\" name=\"wpforms[fields][7]\" value=\"Otro\"  ><label class=\"wpforms-field-label-inline\" for=\"wpforms-1848-field_7_3\">Otro<\/label><\/li><\/ul><\/div><div id=\"wpforms-1848-field_11-container\" class=\"wpforms-field wpforms-field-text\" data-field-id=\"11\"><label class=\"wpforms-field-label\" for=\"wpforms-1848-field_11\">Cantidad<\/label><input type=\"text\" id=\"wpforms-1848-field_11\" class=\"wpforms-field-medium\" name=\"wpforms[fields][11]\" ><\/div><div id=\"wpforms-1848-field_12-container\" class=\"wpforms-field wpforms-field-text\" data-field-id=\"12\"><label class=\"wpforms-field-label\" for=\"wpforms-1848-field_12\">Dimensiones<\/label><input type=\"text\" id=\"wpforms-1848-field_12\" class=\"wpforms-field-medium\" name=\"wpforms[fields][12]\" ><div class=\"wpforms-field-description\">Largo*Ancho*Alto (cm)<\/div><\/div><div id=\"wpforms-1848-field_13-container\" class=\"wpforms-field wpforms-field-text\" data-field-id=\"13\"><label class=\"wpforms-field-label\" for=\"wpforms-1848-field_13\">Peso total<\/label><input type=\"text\" id=\"wpforms-1848-field_13\" class=\"wpforms-field-medium\" name=\"wpforms[fields][13]\" ><div class=\"wpforms-field-description\">Kg<\/div><\/div><div id=\"wpforms-1848-field_14-container\" class=\"wpforms-field wpforms-field-text\" data-field-id=\"14\"><label class=\"wpforms-field-label\" for=\"wpforms-1848-field_14\">Naturaleza de la mercanc\u00eda<\/label><input type=\"text\" id=\"wpforms-1848-field_14\" class=\"wpforms-field-medium\" name=\"wpforms[fields][14]\" ><\/div><div id=\"wpforms-1848-field_15-container\" class=\"wpforms-field wpforms-field-text\" data-field-id=\"15\"><label class=\"wpforms-field-label\" for=\"wpforms-1848-field_15\">Hora \/ fecha de entrega<\/label><input type=\"text\" id=\"wpforms-1848-field_15\" class=\"wpforms-field-medium\" name=\"wpforms[fields][15]\" ><div class=\"wpforms-field-description\">Ingrese lo antes posible para obtener la soluci\u00f3n m\u00e1s r\u00e1pida<\/div><\/div><div id=\"wpforms-1848-field_1-container\" class=\"wpforms-field wpforms-field-email\" data-field-id=\"1\"><label class=\"wpforms-field-label\" for=\"wpforms-1848-field_1\">Correo electr\u00f3nico <span class=\"wpforms-required-label\">*<\/span><\/label><input type=\"email\" id=\"wpforms-1848-field_1\" class=\"wpforms-field-large wpforms-field-required\" name=\"wpforms[fields][1]\" spellcheck=\"false\" required><\/div><div id=\"wpforms-1848-field_2-container\" class=\"wpforms-field wpforms-field-textarea\" data-field-id=\"2\"><label class=\"wpforms-field-label\" for=\"wpforms-1848-field_2\">Comentario o mensaje  <span class=\"wpforms-required-label\">*<\/span><\/label><textarea id=\"wpforms-1848-field_2\" class=\"wpforms-field-large wpforms-field-required\" name=\"wpforms[fields][2]\" required><\/textarea><div class=\"wpforms-field-description\"><p><font color=\"#808080\">Los servicios prioritarios de flete a\u00e9reo de Air Time Critical\u00ae no est\u00e1n dise\u00f1ados para particulares, en su lugar es para emergencias industriales. \n<\/font><span style=\"color:#881717;\"><b>Nos reservamos el derecho a responder solo a las solicitudes que podamos manejar. Gracias por su comprensi\u00f3n.<\/b><\/span><\/p><\/div><\/div><\/div><!-- .wpforms-field-container --><div class=\"wpforms-field wpforms-field-hp\"><label for=\"wpforms-1848-field-hp\" class=\"wpforms-field-label\">Email<\/label><input type=\"text\" name=\"wpforms[hp]\" id=\"wpforms-1848-field-hp\" class=\"wpforms-field-medium\"><\/div><div class=\"wpforms-recaptcha-container wpforms-is-recaptcha wpforms-is-recaptcha-type-v2\" ><div class=\"g-recaptcha\" data-sitekey=\"6LdzDgEVAAAAAOf14c3OKG3MuZmB-Et3p01FJ3Dq\"><\/div><input type=\"text\" name=\"g-recaptcha-hidden\" class=\"wpforms-recaptcha-hidden\" style=\"position:absolute!important;clip:rect(0,0,0,0)!important;height:1px!important;width:1px!important;border:0!important;overflow:hidden!important;padding:0!important;margin:0!important;\" data-rule-recaptcha=\"1\"><\/div><div class=\"wpforms-submit-container\" ><input type=\"hidden\" name=\"wpforms[id]\" value=\"1848\"><input type=\"hidden\" name=\"page_title\" value=\"\"><input type=\"hidden\" name=\"page_url\" value=\"https:\/\/www.airtimecritical.com\/es\/wp-json\/wp\/v2\/pages\/1765\"><input type=\"hidden\" name=\"url_referer\" value=\"\"><button type=\"submit\" name=\"wpforms[submit]\" id=\"wpforms-submit-1848\" class=\"wpforms-submit button color1\" data-alt-text=\"Enviando...\" data-submit-text=\"Enviar\" aria-live=\"assertive\" value=\"wpforms-submit\">Enviar<\/button><\/div><\/form><\/div>  <!-- .wpforms-container --><\/div>\r\n<\/div>\r\n<\/div>\r\n<\/div>\r\n<\/div>\r\n<\/div>\r\n<\/div>\r\n<\/div>\r\n<\/div>\r\n<\/div>","protected":false},"excerpt":{"rendered":"<p>Cotizaci\u00f3n \u2013 Obtenga una respuesta en 30 minutos<\/p>\n","protected":false},"author":2,"featured_media":0,"parent":0,"menu_order":0,"comment_status":"closed","ping_status":"closed","template":"pro\/page-templates\/full-width-page.php","meta":{"footnotes":""},"class_list":["post-1765","page","type-page","status-publish","hentry"],"yoast_head":"<!-- This site is optimized with the Yoast SEO Premium plugin v27.3 (Yoast SEO v27.4) - https:\/\/yoast.com\/product\/yoast-seo-premium-wordpress\/ -->\n<title>Cotizar - Air Time Critical\u00ae - ATC\u00ae<\/title>\n<meta name=\"description\" content=\"Air Time Critical\u00ae - Cita de Transporte Urgente : Le respondemos a su mensaje sobre la viabilidad en menos de 30 minutos.\" \/>\n<meta name=\"robots\" content=\"index, follow, max-snippet:-1, max-image-preview:large, max-video-preview:-1\" \/>\n<link rel=\"canonical\" href=\"https:\/\/www.airtimecritical.com\/es\/citar\" \/>\n<meta property=\"og:locale\" content=\"es_ES\" \/>\n<meta property=\"og:type\" content=\"article\" \/>\n<meta property=\"og:title\" content=\"Cotizar\" \/>\n<meta property=\"og:description\" content=\"Air Time Critical\u00ae - Cita de Transporte Urgente : Le respondemos a su mensaje sobre la viabilidad en menos de 30 minutos.\" \/>\n<meta property=\"og:url\" content=\"https:\/\/www.airtimecritical.com\/es\/citar\" \/>\n<meta property=\"og:site_name\" content=\"Air Time Critical\u00ae - ATC\u00ae\" \/>\n<meta property=\"article:publisher\" content=\"https:\/\/www.facebook.com\/AirTimeCritical.Atc.airfreight\" \/>\n<meta property=\"article:modified_time\" content=\"2025-11-28T10:50:02+00:00\" \/>\n<meta name=\"twitter:card\" content=\"summary_large_image\" \/>\n<meta name=\"twitter:site\" content=\"@AirTimeCritical\" \/>\n<meta name=\"twitter:label1\" content=\"Tiempo de lectura\" \/>\n\t<meta name=\"twitter:data1\" content=\"1 minuto\" \/>\n<script type=\"application\/ld+json\" class=\"yoast-schema-graph\">{\"@context\":\"https:\\\/\\\/schema.org\",\"@graph\":[{\"@type\":\"WebPage\",\"@id\":\"https:\\\/\\\/www.airtimecritical.com\\\/es\\\/citar\",\"url\":\"https:\\\/\\\/www.airtimecritical.com\\\/es\\\/citar\",\"name\":\"Cotizar - Air Time Critical\u00ae - ATC\u00ae\",\"isPartOf\":{\"@id\":\"https:\\\/\\\/www.airtimecritical.com\\\/es#website\"},\"datePublished\":\"2020-10-30T05:53:32+00:00\",\"dateModified\":\"2025-11-28T10:50:02+00:00\",\"description\":\"Air Time Critical\u00ae - Cita de Transporte Urgente : Le respondemos a su mensaje sobre la viabilidad en menos de 30 minutos.\",\"breadcrumb\":{\"@id\":\"https:\\\/\\\/www.airtimecritical.com\\\/es\\\/citar#breadcrumb\"},\"inLanguage\":\"es\",\"potentialAction\":[{\"@type\":\"ReadAction\",\"target\":[\"https:\\\/\\\/www.airtimecritical.com\\\/es\\\/citar\"]}]},{\"@type\":\"BreadcrumbList\",\"@id\":\"https:\\\/\\\/www.airtimecritical.com\\\/es\\\/citar#breadcrumb\",\"itemListElement\":[{\"@type\":\"ListItem\",\"position\":1,\"name\":\"Home\",\"item\":\"https:\\\/\\\/www.airtimecritical.com\\\/es\"},{\"@type\":\"ListItem\",\"position\":2,\"name\":\"Cotizar\"}]},{\"@type\":\"WebSite\",\"@id\":\"https:\\\/\\\/www.airtimecritical.com\\\/es#website\",\"url\":\"https:\\\/\\\/www.airtimecritical.com\\\/es\",\"name\":\"Air Time Critical - ATC\",\"description\":\"Air Time Critical\u00ae offers priority air freight solutions to the industry in Europe, the Americas, and Asia | Door to door transport\",\"publisher\":{\"@id\":\"https:\\\/\\\/www.airtimecritical.com\\\/es#organization\"},\"potentialAction\":[{\"@type\":\"SearchAction\",\"target\":{\"@type\":\"EntryPoint\",\"urlTemplate\":\"https:\\\/\\\/www.airtimecritical.com\\\/es?s={search_term_string}\"},\"query-input\":{\"@type\":\"PropertyValueSpecification\",\"valueRequired\":true,\"valueName\":\"search_term_string\"}}],\"inLanguage\":\"es\"},{\"@type\":\"Organization\",\"@id\":\"https:\\\/\\\/www.airtimecritical.com\\\/es#organization\",\"name\":\"Airt Time Critical - ATC\",\"url\":\"https:\\\/\\\/www.airtimecritical.com\\\/es\",\"logo\":{\"@type\":\"ImageObject\",\"inLanguage\":\"es\",\"@id\":\"https:\\\/\\\/www.airtimecritical.com\\\/es#\\\/schema\\\/logo\\\/image\\\/\",\"url\":\"https:\\\/\\\/www.airtimecritical.com\\\/wp-content\\\/uploads\\\/2019\\\/10\\\/Logo_airtimecritical.png\",\"contentUrl\":\"https:\\\/\\\/www.airtimecritical.com\\\/wp-content\\\/uploads\\\/2019\\\/10\\\/Logo_airtimecritical.png\",\"width\":246,\"height\":141,\"caption\":\"Airt Time Critical - ATC\"},\"image\":{\"@id\":\"https:\\\/\\\/www.airtimecritical.com\\\/es#\\\/schema\\\/logo\\\/image\\\/\"},\"sameAs\":[\"https:\\\/\\\/www.facebook.com\\\/AirTimeCritical.Atc.airfreight\",\"https:\\\/\\\/x.com\\\/AirTimeCritical\",\"https:\\\/\\\/www.instagram.com\\\/airtimecritical\\\/\",\"https:\\\/\\\/www.linkedin.com\\\/company\\\/air-time-critical-\\\/\",\"https:\\\/\\\/www.youtube.com\\\/c\\\/Airtimecritical-envois-urgents-international\\\/\"]}]}<\/script>\n<!-- \/ Yoast SEO Premium plugin. -->","yoast_head_json":{"title":"Cotizar - Air Time Critical\u00ae - ATC\u00ae","description":"Air Time Critical\u00ae - Cita de Transporte Urgente : Le respondemos a su mensaje sobre la viabilidad en menos de 30 minutos.","robots":{"index":"index","follow":"follow","max-snippet":"max-snippet:-1","max-image-preview":"max-image-preview:large","max-video-preview":"max-video-preview:-1"},"canonical":"https:\/\/www.airtimecritical.com\/es\/citar","og_locale":"es_ES","og_type":"article","og_title":"Cotizar","og_description":"Air Time Critical\u00ae - Cita de Transporte Urgente : Le respondemos a su mensaje sobre la viabilidad en menos de 30 minutos.","og_url":"https:\/\/www.airtimecritical.com\/es\/citar","og_site_name":"Air Time Critical\u00ae - ATC\u00ae","article_publisher":"https:\/\/www.facebook.com\/AirTimeCritical.Atc.airfreight","article_modified_time":"2025-11-28T10:50:02+00:00","twitter_card":"summary_large_image","twitter_site":"@AirTimeCritical","twitter_misc":{"Tiempo de lectura":"1 minuto"},"schema":{"@context":"https:\/\/schema.org","@graph":[{"@type":"WebPage","@id":"https:\/\/www.airtimecritical.com\/es\/citar","url":"https:\/\/www.airtimecritical.com\/es\/citar","name":"Cotizar - Air Time Critical\u00ae - ATC\u00ae","isPartOf":{"@id":"https:\/\/www.airtimecritical.com\/es#website"},"datePublished":"2020-10-30T05:53:32+00:00","dateModified":"2025-11-28T10:50:02+00:00","description":"Air Time Critical\u00ae - Cita de Transporte Urgente : Le respondemos a su mensaje sobre la viabilidad en menos de 30 minutos.","breadcrumb":{"@id":"https:\/\/www.airtimecritical.com\/es\/citar#breadcrumb"},"inLanguage":"es","potentialAction":[{"@type":"ReadAction","target":["https:\/\/www.airtimecritical.com\/es\/citar"]}]},{"@type":"BreadcrumbList","@id":"https:\/\/www.airtimecritical.com\/es\/citar#breadcrumb","itemListElement":[{"@type":"ListItem","position":1,"name":"Home","item":"https:\/\/www.airtimecritical.com\/es"},{"@type":"ListItem","position":2,"name":"Cotizar"}]},{"@type":"WebSite","@id":"https:\/\/www.airtimecritical.com\/es#website","url":"https:\/\/www.airtimecritical.com\/es","name":"Air Time Critical - ATC","description":"Air Time Critical\u00ae offers priority air freight solutions to the industry in Europe, the Americas, and Asia | Door to door transport","publisher":{"@id":"https:\/\/www.airtimecritical.com\/es#organization"},"potentialAction":[{"@type":"SearchAction","target":{"@type":"EntryPoint","urlTemplate":"https:\/\/www.airtimecritical.com\/es?s={search_term_string}"},"query-input":{"@type":"PropertyValueSpecification","valueRequired":true,"valueName":"search_term_string"}}],"inLanguage":"es"},{"@type":"Organization","@id":"https:\/\/www.airtimecritical.com\/es#organization","name":"Airt Time Critical - ATC","url":"https:\/\/www.airtimecritical.com\/es","logo":{"@type":"ImageObject","inLanguage":"es","@id":"https:\/\/www.airtimecritical.com\/es#\/schema\/logo\/image\/","url":"https:\/\/www.airtimecritical.com\/wp-content\/uploads\/2019\/10\/Logo_airtimecritical.png","contentUrl":"https:\/\/www.airtimecritical.com\/wp-content\/uploads\/2019\/10\/Logo_airtimecritical.png","width":246,"height":141,"caption":"Airt Time Critical - ATC"},"image":{"@id":"https:\/\/www.airtimecritical.com\/es#\/schema\/logo\/image\/"},"sameAs":["https:\/\/www.facebook.com\/AirTimeCritical.Atc.airfreight","https:\/\/x.com\/AirTimeCritical","https:\/\/www.instagram.com\/airtimecritical\/","https:\/\/www.linkedin.com\/company\/air-time-critical-\/","https:\/\/www.youtube.com\/c\/Airtimecritical-envois-urgents-international\/"]}]}},"_links":{"self":[{"href":"https:\/\/www.airtimecritical.com\/es\/wp-json\/wp\/v2\/pages\/1765","targetHints":{"allow":["GET"]}}],"collection":[{"href":"https:\/\/www.airtimecritical.com\/es\/wp-json\/wp\/v2\/pages"}],"about":[{"href":"https:\/\/www.airtimecritical.com\/es\/wp-json\/wp\/v2\/types\/page"}],"author":[{"embeddable":true,"href":"https:\/\/www.airtimecritical.com\/es\/wp-json\/wp\/v2\/users\/2"}],"replies":[{"embeddable":true,"href":"https:\/\/www.airtimecritical.com\/es\/wp-json\/wp\/v2\/comments?post=1765"}],"version-history":[{"count":3,"href":"https:\/\/www.airtimecritical.com\/es\/wp-json\/wp\/v2\/pages\/1765\/revisions"}],"predecessor-version":[{"id":16159,"href":"https:\/\/www.airtimecritical.com\/es\/wp-json\/wp\/v2\/pages\/1765\/revisions\/16159"}],"wp:attachment":[{"href":"https:\/\/www.airtimecritical.com\/es\/wp-json\/wp\/v2\/media?parent=1765"}],"curies":[{"name":"wp","href":"https:\/\/api.w.org\/{rel}","templated":true}]}}