{"id":1735,"date":"2019-11-01T11:39:03","date_gmt":"2019-11-01T10:39:03","guid":{"rendered":"https:\/\/www.airtimecritical.com\/?page_id=1735"},"modified":"2025-11-11T19:03:09","modified_gmt":"2025-11-11T18:03:09","slug":"helicopteros","status":"publish","type":"page","link":"https:\/\/www.airtimecritical.com\/es\/helicopteros","title":{"rendered":"Helic\u00f3pteros de carga"},"content":{"rendered":"<div  data-label=\"Features\" data-id=\"features--3\" data-export-id=\"features-16\" data-category=\"features\" class=\"features-16 content-section content-section-spacing\" id=\"features-3\" style=\"background-color: #ffffff;\">\n<div  class=\"gridContainer\">\n<div  class=\"row text-center\">\n<div  class=\"section-title-col\" data-type=\"column\">\n<h2  class=\"\" style=\"border-bottom-color: #881717;\">Un helic\u00f3ptero de carga exclusivo para la entrega de sus env\u00edos m\u00e1s urgentes<\/h2>\n<p  class=\"lead\" style=\"text-align: justify;\"><span style=\"font-weight: 400;\" >En caso de una emergencia log\u00edstica, la opci\u00f3n de helic\u00f3ptero de carga le permite llegar del punto A al punto B en el menor tiempo posible. Sin atascos de tr\u00e1fico, carreteras heladas ni retrasos por huelga \u2013 Vuela sobre estos obst\u00e1culos.<\/span><\/p>\n<p  class=\"lead\" style=\"text-align: justify;\"><span style=\"font-weight: 400;\" >Esta soluci\u00f3n ofrece <strong >rapidez de entrega<\/strong>* y una <strong >fiabilidad incomparable<\/strong> para el transporte de paquetes y palets, cuando la reactividad es fundamental.<\/span><\/p>\n<p  class=\"lead\" style=\"text-align: justify;\"><span  style=\"font-size: 10pt; font-weight: 400;\">*Alquilar un helic\u00f3ptero puede reducir el tiempo de respuesta a la mitad: donde un viaje por carretera tomar\u00eda 6 horas, el transporte en helic\u00f3ptero se puede completar en solo 3 horas.<\/span><\/p>\nUna soluci\u00f3n puerta a puerta para env\u00edos de emergencia en un rango de 200 a 600 km desde el punto de recogida de la mercanc\u00eda \/ Carga m\u00e1xima \u00fatil de 500 kg (carga suelta, 25 kg \/ por pieza m\u00e1ximo).\n\n<\/div>\n<\/div>\n<div  class=\"row spaced-cols\" data-type=\"row\">\n<div  class=\"col-xs-12 col-sm-6 space-bottom col-md-6 \">\n\n<img decoding=\"async\"  loading=\"lazy\" class=\"face lazy-loaded alignnone\" src=\"https:\/\/www.airtimecritical.com\/wp-content\/uploads\/2019\/11\/cropped-helicopter-charter-for-fast-shipment-delivery-transport-by-helicopter.jpg\" data-lazy-type=\"image\" data-src=\"https:\/\/www.airtimecritical.com\/wp-content\/uploads\/2019\/11\/cropped-helicopter-charter-for-fast-shipment-delivery-transport-by-helicopter.jpg\" alt=\"Helic\u00f3pteros de carga\" title=\"cropped-helicopter-charter-for-fast-shipment-delivery-transport-by-helicopter.jpg\" width=\"1215\" height=\"813\">\n<div  data-type=\"column\" class=\"col-padding-small col-padding-small-xs description-container\">\n<h4  class=\"font-500\"><span style=\"font-weight: 400;\" >Tipo de helic\u00f3ptero: Ecureuil AS350<\/span><\/h4>\n<p  class=\"\">5 pasajeros, volumen de 1m c\u00fabico, hasta 220 Km\/h. Alcance hasta 500-600 km<\/p>\n\n<\/div>\n<\/div>\n<div  class=\"col-xs-12 col-sm-6 space-bottom col-md-6 \">\n\n<img decoding=\"async\"  loading=\"lazy\" class=\"face lazy-loaded alignnone\" src=\"https:\/\/www.airtimecritical.com\/wp-content\/uploads\/2019\/11\/cropped-chartered-helicoper-for-critical-spare-parts-delivery-transport-by-helicopter.jpg\" data-lazy-type=\"image\" data-src=\"https:\/\/www.airtimecritical.com\/wp-content\/uploads\/2019\/11\/cropped-chartered-helicoper-for-critical-spare-parts-delivery-transport-by-helicopter.jpg\" alt=\"Helic\u00f3pteros de carga\" title=\"cropped-chartered-helicoper-for-critical-spare-parts-delivery-transport-by-helicopter.jpg\" width=\"1215\" height=\"813\">\n<div  data-type=\"column\" class=\"col-padding-small col-padding-small-xs description-container\">\n<h4  class=\"font-500\"><span style=\"font-weight: 400;\" >Tipo de helic\u00f3ptero: Dauphin<\/span><\/h4>\n<p  class=\"\">6 pasajeros, volumen de 2.5m c\u00fabicos, hasta 270 Km\/h. Alcance hasta 500-600 km<\/p>\n\n<\/div>\n<\/div>\n<\/div>\n<\/div>\n<\/div><div  data-label=\"Cta\" data-id=\"cta--1\" data-export-id=\"cta-centered-bg-section\" data-category=\"cta\" data-section-ov=\"1\" class=\"cta-centered-bg-section content-section content-section-spacing-medium white-text\" data-parallax-depth=\"20\" id=\"cta-1\" style=\"background-color: rgb(255, 255, 255); background-image: url(&quot;https:\/\/www.airtimecritical.com\/wp-content\/uploads\/2019\/11\/cropped-chartered-helicoper-for-critical-spare-parts-delivery-transport-by-helicopter.jpg&quot;); background-size: cover; background-position: center top;\" https:=\"\" airtimecritical=\"\" com=\"\" wp-content=\"\" uploads=\"\" 2019=\"\" 11=\"\" air-charter-freight-air-time-critical-urgent-transport=\"\" jpg=\"\" background-size:=\"\" cover=\"\" background-position:=\"\" center=\"\" top=\"\">\n<div  class=\"\">\n<div  class=\"row text-center\">\n<div  data-type=\"column\" class=\"\">\n<p  class=\"lead\"><span  style=\"font-weight: bold;\">Consejo<\/span>: para distancias mayores o cargas \u00fatiles, consulte la soluci\u00f3n Vuelo Ch\u00e1rter dedicado.<\/p>\n<a  class=\"button no-shadow color2\" href=\"https:\/\/www.airtimecritical.com\/es\/charter-aereo\" target=\"_blank\" data-cp-link=\"1\" data-icon=\"\" rel=\"noopener\">Vea nuestra soluci\u00f3n de vuelos ch\u00e1rter<\/a>\n\n<\/div>\n<\/div>\n<\/div>\n<\/div><div  data-label=\"Contact\" data-id=\"contact--1\" data-export-id=\"contact-1\" data-category=\"contact\" class=\"contact-1 content-section content-section-spacing white-text\" data-parallax-depth=\"20\" id=\"contact-1\" style=\"background-color: rgb(245, 250, 253); background-image: url(&quot;https:\/\/www.airtimecritical.com\/wp-content\/uploads\/2019\/11\/chartered-helicoper-for-critical-spare-parts-delivery-Air-Time-Critical.jpg&quot;); background-size: cover; background-position: center top;\">\n<div  class=\"\">\n<div  class=\"row text-center\">\n<div  class=\"section-title-col\" data-type=\"column\">\n<h2  class=\"\" style=\"border-bottom-color: #881717;\">\u00bfDesea saber m\u00e1s sobre nuestra soluci\u00f3n de helic\u00f3ptero de carga puerta a puerta? Cont\u00e1ctenos!<\/h2>\n<\/div>\n<\/div>\n<div  class=\"row text-center\">\n<div  class=\"col-xs-12 col-sm-8 col-sm-offset-2 contact-form-wrapper inline-info\">\n<div  class=\"card large-padding\">\n<div  class=\"\" data-content-shortcode=\"mesmerize_contact_form shortcode=&quot;wpforms id=&amp;amp;quot;1771&amp;amp;quot;&quot;\" wpforms=\"\" id=\"&amp;quot;27&amp;quot;\" title=\"&amp;quot;false&amp;quot;\" description=\"&amp;quot;false&amp;quot;&quot;&quot;\" data-editable=\"true\"><div class=\"wpforms-container wpforms-container-full\" id=\"wpforms-1771\"><form id=\"wpforms-form-1771\" class=\"wpforms-validate wpforms-form\" data-formid=\"1771\" method=\"post\" enctype=\"multipart\/form-data\" action=\"\/es\/wp-json\/wp\/v2\/pages\/1735\" data-token=\"7b9645295c3c123ba5861c65e0208862\" data-token-time=\"1776411006\"><noscript class=\"wpforms-error-noscript\">Por favor, activa JavaScript en tu navegador para completar este formulario.<\/noscript><div class=\"wpforms-field-container\"><div id=\"wpforms-1771-field_5-container\" class=\"wpforms-field wpforms-field-name\" data-field-id=\"5\"><label class=\"wpforms-field-label\" for=\"wpforms-1771-field_5\">Empresa <span class=\"wpforms-required-label\">*<\/span><\/label><input type=\"text\" id=\"wpforms-1771-field_5\" class=\"wpforms-field-large wpforms-field-required\" name=\"wpforms[fields][5]\" required><\/div><div id=\"wpforms-1771-field_0-container\" class=\"wpforms-field wpforms-field-name\" data-field-id=\"0\"><label class=\"wpforms-field-label\" for=\"wpforms-1771-field_0\">Nombre completo <span class=\"wpforms-required-label\">*<\/span><\/label><div class=\"wpforms-field-row wpforms-field-large\"><div class=\"wpforms-field-row-block wpforms-first wpforms-one-half\"><input type=\"text\" id=\"wpforms-1771-field_0\" class=\"wpforms-field-name-first wpforms-field-required\" name=\"wpforms[fields][0][first]\" placeholder=\"Nombre\" required><label for=\"wpforms-1771-field_0\" class=\"wpforms-field-sublabel after wpforms-sublabel-hide\">Nombre<\/label><\/div><div class=\"wpforms-field-row-block wpforms-one-half\"><input type=\"text\" id=\"wpforms-1771-field_0-last\" class=\"wpforms-field-name-last wpforms-field-required\" name=\"wpforms[fields][0][last]\" placeholder=\"Apellidos\" required><label for=\"wpforms-1771-field_0-last\" class=\"wpforms-field-sublabel after wpforms-sublabel-hide\">Apellidos<\/label><\/div><\/div><\/div><div id=\"wpforms-1771-field_1-container\" class=\"wpforms-field wpforms-field-email\" data-field-id=\"1\"><label class=\"wpforms-field-label\" for=\"wpforms-1771-field_1\">Correo electr\u00f3nico <span class=\"wpforms-required-label\">*<\/span><\/label><input type=\"email\" id=\"wpforms-1771-field_1\" class=\"wpforms-field-large wpforms-field-required\" name=\"wpforms[fields][1]\" spellcheck=\"false\" required><\/div><div id=\"wpforms-1771-field_7-container\" class=\"wpforms-field wpforms-field-text\" data-field-id=\"7\"><label class=\"wpforms-field-label\" for=\"wpforms-1771-field_7\">D\u00e9jenos su n\u00famero de tel\u00e9fono, le llamaremos pronto<\/label><input type=\"text\" id=\"wpforms-1771-field_7\" class=\"wpforms-field-large\" name=\"wpforms[fields][7]\" ><\/div><div id=\"wpforms-1771-field_2-container\" class=\"wpforms-field wpforms-field-textarea\" data-field-id=\"2\"><label class=\"wpforms-field-label\" for=\"wpforms-1771-field_2\">\u00bfQu\u00e9 necesita? <span class=\"wpforms-required-label\">*<\/span><\/label><textarea id=\"wpforms-1771-field_2\" class=\"wpforms-field-large wpforms-field-required\" name=\"wpforms[fields][2]\" required><\/textarea><div class=\"wpforms-field-description\"><p style=\"color:#808080;\">Este servicio se ofrece a empresas y a\u00fan no est\u00e1 abierto a particulares. <br \/><span style=\"color:#881717;\"><b> Nos reservamos el derecho de responder solo a las solicitudes que podamos atender. Gracias por su comprensi\u00f3n.\n<\/b><\/span><\/p>\n<\/div><\/div><\/div><!-- .wpforms-field-container --><div class=\"wpforms-field wpforms-field-hp\"><label for=\"wpforms-1771-field-hp\" class=\"wpforms-field-label\">Phone<\/label><input type=\"text\" name=\"wpforms[hp]\" id=\"wpforms-1771-field-hp\" class=\"wpforms-field-medium\"><\/div><div class=\"wpforms-recaptcha-container wpforms-is-recaptcha wpforms-is-recaptcha-type-v2\" ><div class=\"g-recaptcha\" data-sitekey=\"6LdzDgEVAAAAAOf14c3OKG3MuZmB-Et3p01FJ3Dq\"><\/div><input type=\"text\" name=\"g-recaptcha-hidden\" class=\"wpforms-recaptcha-hidden\" style=\"position:absolute!important;clip:rect(0,0,0,0)!important;height:1px!important;width:1px!important;border:0!important;overflow:hidden!important;padding:0!important;margin:0!important;\" data-rule-recaptcha=\"1\"><\/div><div class=\"wpforms-submit-container\" ><input type=\"hidden\" name=\"wpforms[id]\" value=\"1771\"><input type=\"hidden\" name=\"page_title\" value=\"\"><input type=\"hidden\" name=\"page_url\" value=\"https:\/\/www.airtimecritical.com\/es\/wp-json\/wp\/v2\/pages\/1735\"><input type=\"hidden\" name=\"url_referer\" value=\"\"><button type=\"submit\" name=\"wpforms[submit]\" id=\"wpforms-submit-1771\" class=\"wpforms-submit button color1\" data-alt-text=\"Enviando...\" data-submit-text=\"Enviar\" aria-live=\"assertive\" value=\"wpforms-submit\">Enviar<\/button><\/div><\/form><\/div>  <!-- .wpforms-container --><\/div>\n<\/div>\n<\/div>\n<\/div>\n<\/div>\n<\/div>","protected":false},"excerpt":{"rendered":"<p>Un helic\u00f3ptero de carga exclusivo para la entrega de sus env\u00edos m\u00e1s urgentes En caso de una emergencia log\u00edstica, la opci\u00f3n de helic\u00f3ptero de carga le permite llegar del punto A al punto B en el menor tiempo posible. Sin atascos de tr\u00e1fico, carreteras heladas ni retrasos por huelga \u2013 Vuela sobre estos obst\u00e1culos. Esta&hellip; <br \/> <a class=\"read-more\" href=\"https:\/\/www.airtimecritical.com\/es\/helicopteros\">Read more<\/a><\/p>\n","protected":false},"author":2,"featured_media":1738,"parent":0,"menu_order":0,"comment_status":"closed","ping_status":"closed","template":"page-templates\/page-with-right-sidebar.php","meta":{"footnotes":""},"class_list":["post-1735","page","type-page","status-publish","has-post-thumbnail","hentry"],"yoast_head":"<!-- This site is optimized with the Yoast SEO Premium plugin v27.3 (Yoast SEO v27.4) - https:\/\/yoast.com\/product\/yoast-seo-premium-wordpress\/ -->\n<title>Helic\u00f3pteros de carga - Air Time Critical\u00ae - ATC\u00ae<\/title>\n<meta name=\"description\" content=\"Los helic\u00f3pteros fletados le permiten llegar desde el punto A al B a la mayor brevedad posible en un rango entre 200-600 km.\" \/>\n<meta name=\"robots\" content=\"index, follow, max-snippet:-1, max-image-preview:large, max-video-preview:-1\" \/>\n<link rel=\"canonical\" href=\"https:\/\/www.airtimecritical.com\/es\/helicopteros\" \/>\n<meta property=\"og:locale\" content=\"es_ES\" \/>\n<meta property=\"og:type\" content=\"article\" \/>\n<meta property=\"og:title\" content=\"Helic\u00f3pteros de carga\" \/>\n<meta property=\"og:description\" content=\"Los helic\u00f3pteros fletados le permiten llegar desde el punto A al B a la mayor brevedad posible en un rango entre 200-600 km.\" \/>\n<meta property=\"og:url\" content=\"https:\/\/www.airtimecritical.com\/es\/helicopteros\" \/>\n<meta property=\"og:site_name\" content=\"Air Time Critical\u00ae - ATC\u00ae\" \/>\n<meta property=\"article:publisher\" content=\"https:\/\/www.facebook.com\/AirTimeCritical.Atc.airfreight\" \/>\n<meta property=\"article:modified_time\" content=\"2025-11-11T18:03:09+00:00\" \/>\n<meta property=\"og:image\" content=\"https:\/\/www.airtimecritical.com\/wp-content\/uploads\/2019\/11\/helicopter-charter-for-fast-shipment-delivery-Air-Time-Critical_c.jpg\" \/>\n\t<meta property=\"og:image:width\" content=\"1041\" \/>\n\t<meta property=\"og:image:height\" content=\"502\" \/>\n\t<meta property=\"og:image:type\" content=\"image\/jpeg\" \/>\n<meta name=\"twitter:card\" content=\"summary_large_image\" \/>\n<meta name=\"twitter:site\" content=\"@AirTimeCritical\" \/>\n<meta name=\"twitter:label1\" content=\"Tiempo de lectura\" \/>\n\t<meta name=\"twitter:data1\" content=\"2 minutos\" \/>\n<script type=\"application\/ld+json\" class=\"yoast-schema-graph\">{\"@context\":\"https:\\\/\\\/schema.org\",\"@graph\":[{\"@type\":\"WebPage\",\"@id\":\"https:\\\/\\\/www.airtimecritical.com\\\/es\\\/helicopteros\",\"url\":\"https:\\\/\\\/www.airtimecritical.com\\\/es\\\/helicopteros\",\"name\":\"Helic\u00f3pteros de carga - Air Time Critical\u00ae - ATC\u00ae\",\"isPartOf\":{\"@id\":\"https:\\\/\\\/www.airtimecritical.com\\\/es#website\"},\"primaryImageOfPage\":{\"@id\":\"https:\\\/\\\/www.airtimecritical.com\\\/es\\\/helicopteros#primaryimage\"},\"image\":{\"@id\":\"https:\\\/\\\/www.airtimecritical.com\\\/es\\\/helicopteros#primaryimage\"},\"thumbnailUrl\":\"https:\\\/\\\/www.airtimecritical.com\\\/wp-content\\\/uploads\\\/2019\\\/11\\\/helicopter-charter-for-fast-shipment-delivery-Air-Time-Critical_c.jpg\",\"datePublished\":\"2019-11-01T10:39:03+00:00\",\"dateModified\":\"2025-11-11T18:03:09+00:00\",\"description\":\"Los helic\u00f3pteros fletados le permiten llegar desde el punto A al B a la mayor brevedad posible en un rango entre 200-600 km.\",\"breadcrumb\":{\"@id\":\"https:\\\/\\\/www.airtimecritical.com\\\/es\\\/helicopteros#breadcrumb\"},\"inLanguage\":\"es\",\"potentialAction\":[{\"@type\":\"ReadAction\",\"target\":[\"https:\\\/\\\/www.airtimecritical.com\\\/es\\\/helicopteros\"]}]},{\"@type\":\"ImageObject\",\"inLanguage\":\"es\",\"@id\":\"https:\\\/\\\/www.airtimecritical.com\\\/es\\\/helicopteros#primaryimage\",\"url\":\"https:\\\/\\\/www.airtimecritical.com\\\/wp-content\\\/uploads\\\/2019\\\/11\\\/helicopter-charter-for-fast-shipment-delivery-Air-Time-Critical_c.jpg\",\"contentUrl\":\"https:\\\/\\\/www.airtimecritical.com\\\/wp-content\\\/uploads\\\/2019\\\/11\\\/helicopter-charter-for-fast-shipment-delivery-Air-Time-Critical_c.jpg\",\"width\":1041,\"height\":502,\"caption\":\"Helic\u00f3pteros de carga\"},{\"@type\":\"BreadcrumbList\",\"@id\":\"https:\\\/\\\/www.airtimecritical.com\\\/es\\\/helicopteros#breadcrumb\",\"itemListElement\":[{\"@type\":\"ListItem\",\"position\":1,\"name\":\"Home\",\"item\":\"https:\\\/\\\/www.airtimecritical.com\\\/es\"},{\"@type\":\"ListItem\",\"position\":2,\"name\":\"Helic\u00f3pteros de carga\"}]},{\"@type\":\"WebSite\",\"@id\":\"https:\\\/\\\/www.airtimecritical.com\\\/es#website\",\"url\":\"https:\\\/\\\/www.airtimecritical.com\\\/es\",\"name\":\"Air Time Critical - ATC\",\"description\":\"Air Time Critical\u00ae offers priority air freight solutions to the industry in Europe, the Americas, and Asia | Door to door transport\",\"publisher\":{\"@id\":\"https:\\\/\\\/www.airtimecritical.com\\\/es#organization\"},\"potentialAction\":[{\"@type\":\"SearchAction\",\"target\":{\"@type\":\"EntryPoint\",\"urlTemplate\":\"https:\\\/\\\/www.airtimecritical.com\\\/es?s={search_term_string}\"},\"query-input\":{\"@type\":\"PropertyValueSpecification\",\"valueRequired\":true,\"valueName\":\"search_term_string\"}}],\"inLanguage\":\"es\"},{\"@type\":\"Organization\",\"@id\":\"https:\\\/\\\/www.airtimecritical.com\\\/es#organization\",\"name\":\"Airt Time Critical - ATC\",\"url\":\"https:\\\/\\\/www.airtimecritical.com\\\/es\",\"logo\":{\"@type\":\"ImageObject\",\"inLanguage\":\"es\",\"@id\":\"https:\\\/\\\/www.airtimecritical.com\\\/es#\\\/schema\\\/logo\\\/image\\\/\",\"url\":\"https:\\\/\\\/www.airtimecritical.com\\\/wp-content\\\/uploads\\\/2019\\\/10\\\/Logo_airtimecritical.png\",\"contentUrl\":\"https:\\\/\\\/www.airtimecritical.com\\\/wp-content\\\/uploads\\\/2019\\\/10\\\/Logo_airtimecritical.png\",\"width\":246,\"height\":141,\"caption\":\"Airt Time Critical - ATC\"},\"image\":{\"@id\":\"https:\\\/\\\/www.airtimecritical.com\\\/es#\\\/schema\\\/logo\\\/image\\\/\"},\"sameAs\":[\"https:\\\/\\\/www.facebook.com\\\/AirTimeCritical.Atc.airfreight\",\"https:\\\/\\\/x.com\\\/AirTimeCritical\",\"https:\\\/\\\/www.instagram.com\\\/airtimecritical\\\/\",\"https:\\\/\\\/www.linkedin.com\\\/company\\\/air-time-critical-\\\/\",\"https:\\\/\\\/www.youtube.com\\\/c\\\/Airtimecritical-envois-urgents-international\\\/\"]}]}<\/script>\n<!-- \/ Yoast SEO Premium plugin. -->","yoast_head_json":{"title":"Helic\u00f3pteros de carga - Air Time Critical\u00ae - ATC\u00ae","description":"Los helic\u00f3pteros fletados le permiten llegar desde el punto A al B a la mayor brevedad posible en un rango entre 200-600 km.","robots":{"index":"index","follow":"follow","max-snippet":"max-snippet:-1","max-image-preview":"max-image-preview:large","max-video-preview":"max-video-preview:-1"},"canonical":"https:\/\/www.airtimecritical.com\/es\/helicopteros","og_locale":"es_ES","og_type":"article","og_title":"Helic\u00f3pteros de carga","og_description":"Los helic\u00f3pteros fletados le permiten llegar desde el punto A al B a la mayor brevedad posible en un rango entre 200-600 km.","og_url":"https:\/\/www.airtimecritical.com\/es\/helicopteros","og_site_name":"Air Time Critical\u00ae - ATC\u00ae","article_publisher":"https:\/\/www.facebook.com\/AirTimeCritical.Atc.airfreight","article_modified_time":"2025-11-11T18:03:09+00:00","og_image":[{"width":1041,"height":502,"url":"https:\/\/www.airtimecritical.com\/wp-content\/uploads\/2019\/11\/helicopter-charter-for-fast-shipment-delivery-Air-Time-Critical_c.jpg","type":"image\/jpeg"}],"twitter_card":"summary_large_image","twitter_site":"@AirTimeCritical","twitter_misc":{"Tiempo de lectura":"2 minutos"},"schema":{"@context":"https:\/\/schema.org","@graph":[{"@type":"WebPage","@id":"https:\/\/www.airtimecritical.com\/es\/helicopteros","url":"https:\/\/www.airtimecritical.com\/es\/helicopteros","name":"Helic\u00f3pteros de carga - Air Time Critical\u00ae - ATC\u00ae","isPartOf":{"@id":"https:\/\/www.airtimecritical.com\/es#website"},"primaryImageOfPage":{"@id":"https:\/\/www.airtimecritical.com\/es\/helicopteros#primaryimage"},"image":{"@id":"https:\/\/www.airtimecritical.com\/es\/helicopteros#primaryimage"},"thumbnailUrl":"https:\/\/www.airtimecritical.com\/wp-content\/uploads\/2019\/11\/helicopter-charter-for-fast-shipment-delivery-Air-Time-Critical_c.jpg","datePublished":"2019-11-01T10:39:03+00:00","dateModified":"2025-11-11T18:03:09+00:00","description":"Los helic\u00f3pteros fletados le permiten llegar desde el punto A al B a la mayor brevedad posible en un rango entre 200-600 km.","breadcrumb":{"@id":"https:\/\/www.airtimecritical.com\/es\/helicopteros#breadcrumb"},"inLanguage":"es","potentialAction":[{"@type":"ReadAction","target":["https:\/\/www.airtimecritical.com\/es\/helicopteros"]}]},{"@type":"ImageObject","inLanguage":"es","@id":"https:\/\/www.airtimecritical.com\/es\/helicopteros#primaryimage","url":"https:\/\/www.airtimecritical.com\/wp-content\/uploads\/2019\/11\/helicopter-charter-for-fast-shipment-delivery-Air-Time-Critical_c.jpg","contentUrl":"https:\/\/www.airtimecritical.com\/wp-content\/uploads\/2019\/11\/helicopter-charter-for-fast-shipment-delivery-Air-Time-Critical_c.jpg","width":1041,"height":502,"caption":"Helic\u00f3pteros de carga"},{"@type":"BreadcrumbList","@id":"https:\/\/www.airtimecritical.com\/es\/helicopteros#breadcrumb","itemListElement":[{"@type":"ListItem","position":1,"name":"Home","item":"https:\/\/www.airtimecritical.com\/es"},{"@type":"ListItem","position":2,"name":"Helic\u00f3pteros de carga"}]},{"@type":"WebSite","@id":"https:\/\/www.airtimecritical.com\/es#website","url":"https:\/\/www.airtimecritical.com\/es","name":"Air Time Critical - ATC","description":"Air Time Critical\u00ae offers priority air freight solutions to the industry in Europe, the Americas, and Asia | Door to door transport","publisher":{"@id":"https:\/\/www.airtimecritical.com\/es#organization"},"potentialAction":[{"@type":"SearchAction","target":{"@type":"EntryPoint","urlTemplate":"https:\/\/www.airtimecritical.com\/es?s={search_term_string}"},"query-input":{"@type":"PropertyValueSpecification","valueRequired":true,"valueName":"search_term_string"}}],"inLanguage":"es"},{"@type":"Organization","@id":"https:\/\/www.airtimecritical.com\/es#organization","name":"Airt Time Critical - ATC","url":"https:\/\/www.airtimecritical.com\/es","logo":{"@type":"ImageObject","inLanguage":"es","@id":"https:\/\/www.airtimecritical.com\/es#\/schema\/logo\/image\/","url":"https:\/\/www.airtimecritical.com\/wp-content\/uploads\/2019\/10\/Logo_airtimecritical.png","contentUrl":"https:\/\/www.airtimecritical.com\/wp-content\/uploads\/2019\/10\/Logo_airtimecritical.png","width":246,"height":141,"caption":"Airt Time Critical - ATC"},"image":{"@id":"https:\/\/www.airtimecritical.com\/es#\/schema\/logo\/image\/"},"sameAs":["https:\/\/www.facebook.com\/AirTimeCritical.Atc.airfreight","https:\/\/x.com\/AirTimeCritical","https:\/\/www.instagram.com\/airtimecritical\/","https:\/\/www.linkedin.com\/company\/air-time-critical-\/","https:\/\/www.youtube.com\/c\/Airtimecritical-envois-urgents-international\/"]}]}},"_links":{"self":[{"href":"https:\/\/www.airtimecritical.com\/es\/wp-json\/wp\/v2\/pages\/1735","targetHints":{"allow":["GET"]}}],"collection":[{"href":"https:\/\/www.airtimecritical.com\/es\/wp-json\/wp\/v2\/pages"}],"about":[{"href":"https:\/\/www.airtimecritical.com\/es\/wp-json\/wp\/v2\/types\/page"}],"author":[{"embeddable":true,"href":"https:\/\/www.airtimecritical.com\/es\/wp-json\/wp\/v2\/users\/2"}],"replies":[{"embeddable":true,"href":"https:\/\/www.airtimecritical.com\/es\/wp-json\/wp\/v2\/comments?post=1735"}],"version-history":[{"count":3,"href":"https:\/\/www.airtimecritical.com\/es\/wp-json\/wp\/v2\/pages\/1735\/revisions"}],"predecessor-version":[{"id":15924,"href":"https:\/\/www.airtimecritical.com\/es\/wp-json\/wp\/v2\/pages\/1735\/revisions\/15924"}],"wp:featuredmedia":[{"embeddable":true,"href":"https:\/\/www.airtimecritical.com\/es\/wp-json\/wp\/v2\/media\/1738"}],"wp:attachment":[{"href":"https:\/\/www.airtimecritical.com\/es\/wp-json\/wp\/v2\/media?parent=1735"}],"curies":[{"name":"wp","href":"https:\/\/api.w.org\/{rel}","templated":true}]}}