{"id":1722,"date":"2019-11-01T11:04:59","date_gmt":"2019-11-01T10:04:59","guid":{"rendered":"https:\/\/www.airtimecritical.com\/?page_id=1722"},"modified":"2024-04-16T17:05:02","modified_gmt":"2024-04-16T16:05:02","slug":"transporte-aereo-prioritario","status":"publish","type":"page","link":"https:\/\/www.airtimecritical.com\/es\/transporte-aereo-prioritario","title":{"rendered":"Transporte a\u00e9reo prioritario para sus emergencias internacionales"},"content":{"rendered":"<div data-label=\"Content\" data-id=\"content--3\" data-export-id=\"content-7\" data-category=\"content\" class=\"content-7 content-section content-section-spacing\" id=\"content-3\" style=\"background-color: #ffffff; background-image: none;\">\r\n<div class=\"gridContainer\">\r\n<div class=\"row middle-sm\">\r\n<div class=\"col-sm-6 space-bottom-xs\" data-type=\"column\">\r\n<h2 class=\"\" style=\"border-bottom-color: #881717;\">Entrega en tiempo definido para sus env\u00edos a\u00e9reos internacionales m\u00e1s urgentes<\/h2>\r\n<blockquote class=\"wp-block-quote\">\r\n<p style=\"text-align: justify;\">La opci\u00f3n de transporte a\u00e9reo prioritario que ofrece <a href=\"https:\/\/www.airtimecritical.com\/es\/sobre-nosotros\" target=\"_blank\" rel=\"noopener\">Air Time Critical\u00ae<\/a> <span style=\"font-weight: bold;\">no puede confundirse con cualquier soluci\u00f3n est\u00e1ndar<\/span> de transporte a\u00e9reo expr\u00e9s disponible en el mercado<\/p>\r\n<\/blockquote>\r\n<p class=\"\"><span style=\"font-weight: bold;\">Nuestra soluci\u00f3n<\/span> de carga a\u00e9rea de alto nivel no hace la consolidaci\u00f3n de carga y abre una amplia gama de nuevas posibilidades para la entrega de carga en tiempo cr\u00edtico:<\/p>\r\n\r\n<ul class=\"\">\r\n \t<li>Entrega al d\u00eda siguiente desde Europa a Norteam\u00e9rica<\/li>\r\n \t<li>Entrega al d\u00eda siguiente desde Shenzhen China a Europa<\/li>\r\n \t<li>Entrega al d\u00eda siguiente de Hong Kong a Europa<\/li>\r\n \t<li>1-2 d\u00edas desde el \u00e1rea de Shanghai a Europa<\/li>\r\n \t<li>Entrega al d\u00eda siguiente de Singapur a Europa<\/li>\r\n \t<li>Entrega el mismo d\u00eda dentro de Europa<\/li>\r\n<\/ul>\r\n<em class=\"\">Notar: Tiempos medios excluyendo Covid. Para horarios actualizados, <a href=\"https:\/\/www.airtimecritical.com\/es\/contacto\" target=\"_blank\" rel=\"noopener\" class=\"\">cont\u00e1ctenos<\/a>.<\/em>\r\n<p class=\"lead\"><span style=\"color: rgba(255, 255, 255, 0);\">Transporte a\u00e9reo prioritario<\/span><\/p>\r\n\r\n<\/div>\r\n<div class=\"col-sm-6\" data-type=\"column\"><img decoding=\"async\" class=\"shadow-large lazy-loaded\" src=\"https:\/\/www.airtimecritical.com\/wp-content\/uploads\/2019\/11\/cropped-priority-air-freight-expedite-cargo-shipments-1.jpg\" data-lazy-type=\"image\" data-src=\"https:\/\/www.airtimecritical.com\/wp-content\/uploads\/2019\/11\/cropped-priority-air-freight-expedite-cargo-shipments-1.jpg\" alt=\"\" title=\"cropped-priority-air-freight-expedite-cargo-shipments-1.jpg\" \/><img decoding=\"async\" class=\"custom-image lazy-loaded\" src=\"https:\/\/www.airtimecritical.com\/wp-content\/uploads\/2021\/03\/priority-air-freight-expedite-cargo-shipments-1.jpg\" data-lazy-type=\"image\" data-src=\"https:\/\/www.airtimecritical.com\/wp-content\/uploads\/2021\/03\/priority-air-freight-expedite-cargo-shipments-1.jpg\" title=\"priority-air-freight-expedite-cargo-shipments-1\" alt=\"Priority air freight expedite cargo shipments\" \/><\/div>\r\n<\/div>\r\n<\/div>\r\n<\/div>\r\n<div data-label=\"Content\" data-id=\"content--1\" data-export-id=\"content-12\" data-category=\"content\" class=\"content-12 content-section content-section-spacing\" id=\"content-1\" style=\"background-size: cover; background-position: center top; background-image: none; background-color: rgba(255, 255, 255, 0);\">\r\n<div class=\"\">\r\n<div class=\"row text-center\">\r\n<div class=\"section-title-col\" data-type=\"column\">\r\n<h2 class=\"\" style=\"text-align: center; border-bottom-color: #881717;\">Ahorre de 1 a 3 d\u00edas de tiempo de tr\u00e1nsito en comparaci\u00f3n con cualquier opci\u00f3n de transporte a\u00e9reo express est\u00e1ndar.<\/h2>\r\n<p class=\"lead\" style=\"text-align: justify;\">La opci\u00f3n de transporte a\u00e9reo prioritario ofrece una de las formas m\u00e1s r\u00e1pidas de entregar su carga urgente utilizando todos los vuelos comerciales y de carga existentes disponibles para su destino.<\/p>\r\n<p style=\"text-align: justify;\" class=\"\">M\u00e1s de 300 destinos cubiertos: Europa, Europa del Este, Europa Central, Asia, Indonesia, India, Australia, Am\u00e9rica del Norte, Am\u00e9rica del Sur, \u00c1frica del Norte, Turqu\u00eda\u2026<\/p>\r\n\r\n<\/div>\r\n<\/div>\r\n<div class=\"row center-xs middle-xs\">\r\n<div class=\"col-sm-9\" data-type=\"column\"><\/div>\r\n<\/div>\r\n<\/div>\r\n<\/div>\r\n<div data-label=\"Contact\" data-id=\"contact--1\" data-export-id=\"contact-1\" data-category=\"contact\" class=\"contact-1 content-section content-section-spacing white-text\" data-parallax-depth=\"20\" id=\"contact-1\" style=\"background-color: #ffffff; background-image: url('https:\/\/www.airtimecritical.com\/wp-content\/uploads\/2019\/11\/monitoring-air-charter-service-urgent-air-freight-delivery.jpg'); background-size: cover; background-position: center top;\">\r\n<div class=\"\">\r\n<div class=\"row text-center\">\r\n<div class=\"section-title-col\" data-type=\"column\">\r\n<h2 class=\"\" style=\"border-bottom-color: #881717;\">\u00bfTiene una emergencia log\u00edstica y necesita asistencia llave en mano? \u00a1Cont\u00e1ctenos!<\/h2>\r\n<p class=\"lead\">Nos ocupamos de toda la cadena log\u00edstica, de A a Z, todos los tr\u00e1mites incluidos.<\/p>\r\n\r\n<\/div>\r\n<\/div>\r\n<div class=\"row text-center\">\r\n<div class=\"col-xs-12 col-sm-8 col-sm-offset-2 contact-form-wrapper inline-info\">\r\n<div class=\"card large-padding\"><div class=\"wpforms-container wpforms-container-full\" id=\"wpforms-1771\"><form id=\"wpforms-form-1771\" class=\"wpforms-validate wpforms-form\" data-formid=\"1771\" method=\"post\" enctype=\"multipart\/form-data\" action=\"\/es\/wp-json\/wp\/v2\/pages\/1722\" data-token=\"d0b0b34ebc39909bdc74f315bf26ccff\" data-token-time=\"1775692368\"><noscript class=\"wpforms-error-noscript\">Por favor, activa JavaScript en tu navegador para completar este formulario.<\/noscript><div class=\"wpforms-field-container\"><div id=\"wpforms-1771-field_5-container\" class=\"wpforms-field wpforms-field-name\" data-field-id=\"5\"><label class=\"wpforms-field-label\" for=\"wpforms-1771-field_5\">Empresa <span class=\"wpforms-required-label\">*<\/span><\/label><input type=\"text\" id=\"wpforms-1771-field_5\" class=\"wpforms-field-large wpforms-field-required\" name=\"wpforms[fields][5]\" required><\/div><div id=\"wpforms-1771-field_0-container\" class=\"wpforms-field wpforms-field-name\" data-field-id=\"0\"><label class=\"wpforms-field-label\" for=\"wpforms-1771-field_0\">Nombre completo <span class=\"wpforms-required-label\">*<\/span><\/label><div class=\"wpforms-field-row wpforms-field-large\"><div class=\"wpforms-field-row-block wpforms-first wpforms-one-half\"><input type=\"text\" id=\"wpforms-1771-field_0\" class=\"wpforms-field-name-first wpforms-field-required\" name=\"wpforms[fields][0][first]\" placeholder=\"Nombre\" required><label for=\"wpforms-1771-field_0\" class=\"wpforms-field-sublabel after wpforms-sublabel-hide\">Nombre<\/label><\/div><div class=\"wpforms-field-row-block wpforms-one-half\"><input type=\"text\" id=\"wpforms-1771-field_0-last\" class=\"wpforms-field-name-last wpforms-field-required\" name=\"wpforms[fields][0][last]\" placeholder=\"Apellidos\" required><label for=\"wpforms-1771-field_0-last\" class=\"wpforms-field-sublabel after wpforms-sublabel-hide\">Apellidos<\/label><\/div><\/div><\/div><div id=\"wpforms-1771-field_1-container\" class=\"wpforms-field wpforms-field-email\" data-field-id=\"1\"><label class=\"wpforms-field-label\" for=\"wpforms-1771-field_1\">Correo electr\u00f3nico <span class=\"wpforms-required-label\">*<\/span><\/label><input type=\"email\" id=\"wpforms-1771-field_1\" class=\"wpforms-field-large wpforms-field-required\" name=\"wpforms[fields][1]\" spellcheck=\"false\" required><\/div><div id=\"wpforms-1771-field_7-container\" class=\"wpforms-field wpforms-field-text\" data-field-id=\"7\"><label class=\"wpforms-field-label\" for=\"wpforms-1771-field_7\">D\u00e9jenos su n\u00famero de tel\u00e9fono, le llamaremos pronto<\/label><input type=\"text\" id=\"wpforms-1771-field_7\" class=\"wpforms-field-large\" name=\"wpforms[fields][7]\" ><\/div><div id=\"wpforms-1771-field_2-container\" class=\"wpforms-field wpforms-field-textarea\" data-field-id=\"2\"><label class=\"wpforms-field-label\" for=\"wpforms-1771-field_2\">\u00bfQu\u00e9 necesita? <span class=\"wpforms-required-label\">*<\/span><\/label><textarea id=\"wpforms-1771-field_2\" class=\"wpforms-field-large wpforms-field-required\" name=\"wpforms[fields][2]\" required><\/textarea><div class=\"wpforms-field-description\"><p style=\"color:#808080;\">Este servicio se ofrece a empresas y a\u00fan no est\u00e1 abierto a particulares. <br \/><span style=\"color:#881717;\"><b> Nos reservamos el derecho de responder solo a las solicitudes que podamos atender. Gracias por su comprensi\u00f3n.\n<\/b><\/span><\/p>\n<\/div><\/div><\/div><!-- .wpforms-field-container --><div class=\"wpforms-field wpforms-field-hp\"><label for=\"wpforms-1771-field-hp\" class=\"wpforms-field-label\">Email<\/label><input type=\"text\" name=\"wpforms[hp]\" id=\"wpforms-1771-field-hp\" class=\"wpforms-field-medium\"><\/div><div class=\"wpforms-recaptcha-container wpforms-is-recaptcha wpforms-is-recaptcha-type-v2\" ><div class=\"g-recaptcha\" data-sitekey=\"6LdzDgEVAAAAAOf14c3OKG3MuZmB-Et3p01FJ3Dq\"><\/div><input type=\"text\" name=\"g-recaptcha-hidden\" class=\"wpforms-recaptcha-hidden\" style=\"position:absolute!important;clip:rect(0,0,0,0)!important;height:1px!important;width:1px!important;border:0!important;overflow:hidden!important;padding:0!important;margin:0!important;\" data-rule-recaptcha=\"1\"><\/div><div class=\"wpforms-submit-container\" ><input type=\"hidden\" name=\"wpforms[id]\" value=\"1771\"><input type=\"hidden\" name=\"page_title\" value=\"\"><input type=\"hidden\" name=\"page_url\" value=\"https:\/\/www.airtimecritical.com\/es\/wp-json\/wp\/v2\/pages\/1722\"><input type=\"hidden\" name=\"url_referer\" value=\"\"><button type=\"submit\" name=\"wpforms[submit]\" id=\"wpforms-submit-1771\" class=\"wpforms-submit button color1\" data-alt-text=\"Enviando...\" data-submit-text=\"Enviar\" aria-live=\"assertive\" value=\"wpforms-submit\">Enviar<\/button><\/div><\/form><\/div>  <!-- .wpforms-container --><\/div>\r\n<\/div>\r\n<\/div>\r\n<\/div>\r\n<\/div>","protected":false},"excerpt":{"rendered":"<p>Entrega en tiempo definido para sus env\u00edos a\u00e9reos internacionales m\u00e1s urgentes La opci\u00f3n de transporte a\u00e9reo prioritario que ofrece Air Time Critical\u00ae no puede confundirse con cualquier soluci\u00f3n est\u00e1ndar de transporte a\u00e9reo expr\u00e9s disponible en el mercado Nuestra soluci\u00f3n de carga a\u00e9rea de alto nivel no hace la consolidaci\u00f3n de carga y abre una amplia&hellip; <br \/> <a class=\"read-more\" href=\"https:\/\/www.airtimecritical.com\/es\/transporte-aereo-prioritario\">Read more<\/a><\/p>\n","protected":false},"author":2,"featured_media":1725,"parent":0,"menu_order":0,"comment_status":"closed","ping_status":"closed","template":"","meta":{"footnotes":""},"class_list":["post-1722","page","type-page","status-publish","has-post-thumbnail","hentry"],"yoast_head":"<!-- This site is optimized with the Yoast SEO Premium plugin v27.3 (Yoast SEO v27.3) - https:\/\/yoast.com\/product\/yoast-seo-premium-wordpress\/ -->\n<title>Transporte a\u00e9reo prioritario para sus emergencias internacionales - Air Time Critical\u00ae - ATC\u00ae<\/title>\n<meta name=\"description\" content=\"Transporte a\u00e9reo prioritario: una de las formas de entrega urgente m\u00e1s r\u00e1pidas y efectivas usando por los vuelos comerciales y de carga.\" \/>\n<meta name=\"robots\" content=\"index, follow, max-snippet:-1, max-image-preview:large, max-video-preview:-1\" \/>\n<link rel=\"canonical\" href=\"https:\/\/www.airtimecritical.com\/es\/transporte-aereo-prioritario\" \/>\n<meta property=\"og:locale\" content=\"es_ES\" \/>\n<meta property=\"og:type\" content=\"article\" \/>\n<meta property=\"og:title\" content=\"Transporte a\u00e9reo prioritario para sus emergencias internacionales\" \/>\n<meta property=\"og:description\" content=\"Transporte a\u00e9reo prioritario: una de las formas de entrega urgente m\u00e1s r\u00e1pidas y efectivas usando por los vuelos comerciales y de carga.\" \/>\n<meta property=\"og:url\" content=\"https:\/\/www.airtimecritical.com\/es\/transporte-aereo-prioritario\" \/>\n<meta property=\"og:site_name\" content=\"Air Time Critical\u00ae - ATC\u00ae\" \/>\n<meta property=\"article:publisher\" content=\"https:\/\/www.facebook.com\/AirTimeCritical.Atc.airfreight\" \/>\n<meta property=\"article:modified_time\" content=\"2024-04-16T16:05:02+00:00\" \/>\n<meta property=\"og:image\" content=\"https:\/\/www.airtimecritical.com\/wp-content\/uploads\/2019\/11\/priority-air-freight-expedite-cargo-shipments.jpg\" \/>\n\t<meta property=\"og:image:width\" content=\"1300\" \/>\n\t<meta property=\"og:image:height\" content=\"865\" \/>\n\t<meta property=\"og:image:type\" content=\"image\/jpeg\" \/>\n<meta name=\"twitter:card\" content=\"summary_large_image\" \/>\n<meta name=\"twitter:site\" content=\"@AirTimeCritical\" \/>\n<meta name=\"twitter:label1\" content=\"Tiempo de lectura\" \/>\n\t<meta name=\"twitter:data1\" content=\"2 minutos\" \/>\n<script type=\"application\/ld+json\" class=\"yoast-schema-graph\">{\"@context\":\"https:\\\/\\\/schema.org\",\"@graph\":[{\"@type\":\"WebPage\",\"@id\":\"https:\\\/\\\/www.airtimecritical.com\\\/es\\\/transporte-aereo-prioritario\",\"url\":\"https:\\\/\\\/www.airtimecritical.com\\\/es\\\/transporte-aereo-prioritario\",\"name\":\"Transporte a\u00e9reo prioritario para sus emergencias internacionales - Air Time Critical\u00ae - ATC\u00ae\",\"isPartOf\":{\"@id\":\"https:\\\/\\\/www.airtimecritical.com\\\/es#website\"},\"primaryImageOfPage\":{\"@id\":\"https:\\\/\\\/www.airtimecritical.com\\\/es\\\/transporte-aereo-prioritario#primaryimage\"},\"image\":{\"@id\":\"https:\\\/\\\/www.airtimecritical.com\\\/es\\\/transporte-aereo-prioritario#primaryimage\"},\"thumbnailUrl\":\"https:\\\/\\\/www.airtimecritical.com\\\/wp-content\\\/uploads\\\/2019\\\/11\\\/priority-air-freight-expedite-cargo-shipments.jpg\",\"datePublished\":\"2019-11-01T10:04:59+00:00\",\"dateModified\":\"2024-04-16T16:05:02+00:00\",\"description\":\"Transporte a\u00e9reo prioritario: una de las formas de entrega urgente m\u00e1s r\u00e1pidas y efectivas usando por los vuelos comerciales y de carga.\",\"breadcrumb\":{\"@id\":\"https:\\\/\\\/www.airtimecritical.com\\\/es\\\/transporte-aereo-prioritario#breadcrumb\"},\"inLanguage\":\"es\",\"potentialAction\":[{\"@type\":\"ReadAction\",\"target\":[\"https:\\\/\\\/www.airtimecritical.com\\\/es\\\/transporte-aereo-prioritario\"]}]},{\"@type\":\"ImageObject\",\"inLanguage\":\"es\",\"@id\":\"https:\\\/\\\/www.airtimecritical.com\\\/es\\\/transporte-aereo-prioritario#primaryimage\",\"url\":\"https:\\\/\\\/www.airtimecritical.com\\\/wp-content\\\/uploads\\\/2019\\\/11\\\/priority-air-freight-expedite-cargo-shipments.jpg\",\"contentUrl\":\"https:\\\/\\\/www.airtimecritical.com\\\/wp-content\\\/uploads\\\/2019\\\/11\\\/priority-air-freight-expedite-cargo-shipments.jpg\",\"width\":1300,\"height\":865,\"caption\":\"Airplane near the terminal in an airport at the sunset\"},{\"@type\":\"BreadcrumbList\",\"@id\":\"https:\\\/\\\/www.airtimecritical.com\\\/es\\\/transporte-aereo-prioritario#breadcrumb\",\"itemListElement\":[{\"@type\":\"ListItem\",\"position\":1,\"name\":\"Home\",\"item\":\"https:\\\/\\\/www.airtimecritical.com\\\/es\"},{\"@type\":\"ListItem\",\"position\":2,\"name\":\"Transporte a\u00e9reo prioritario para sus emergencias internacionales\"}]},{\"@type\":\"WebSite\",\"@id\":\"https:\\\/\\\/www.airtimecritical.com\\\/es#website\",\"url\":\"https:\\\/\\\/www.airtimecritical.com\\\/es\",\"name\":\"Air Time Critical - ATC\",\"description\":\"Air Time Critical\u00ae offers priority air freight solutions to the industry in Europe, the Americas, and Asia | Door to door transport\",\"publisher\":{\"@id\":\"https:\\\/\\\/www.airtimecritical.com\\\/es#organization\"},\"potentialAction\":[{\"@type\":\"SearchAction\",\"target\":{\"@type\":\"EntryPoint\",\"urlTemplate\":\"https:\\\/\\\/www.airtimecritical.com\\\/es?s={search_term_string}\"},\"query-input\":{\"@type\":\"PropertyValueSpecification\",\"valueRequired\":true,\"valueName\":\"search_term_string\"}}],\"inLanguage\":\"es\"},{\"@type\":\"Organization\",\"@id\":\"https:\\\/\\\/www.airtimecritical.com\\\/es#organization\",\"name\":\"Airt Time Critical - ATC\",\"url\":\"https:\\\/\\\/www.airtimecritical.com\\\/es\",\"logo\":{\"@type\":\"ImageObject\",\"inLanguage\":\"es\",\"@id\":\"https:\\\/\\\/www.airtimecritical.com\\\/es#\\\/schema\\\/logo\\\/image\\\/\",\"url\":\"https:\\\/\\\/www.airtimecritical.com\\\/wp-content\\\/uploads\\\/2019\\\/10\\\/Logo_airtimecritical.png\",\"contentUrl\":\"https:\\\/\\\/www.airtimecritical.com\\\/wp-content\\\/uploads\\\/2019\\\/10\\\/Logo_airtimecritical.png\",\"width\":246,\"height\":141,\"caption\":\"Airt Time Critical - ATC\"},\"image\":{\"@id\":\"https:\\\/\\\/www.airtimecritical.com\\\/es#\\\/schema\\\/logo\\\/image\\\/\"},\"sameAs\":[\"https:\\\/\\\/www.facebook.com\\\/AirTimeCritical.Atc.airfreight\",\"https:\\\/\\\/x.com\\\/AirTimeCritical\",\"https:\\\/\\\/www.instagram.com\\\/airtimecritical\\\/\",\"https:\\\/\\\/www.linkedin.com\\\/company\\\/air-time-critical-\\\/\",\"https:\\\/\\\/www.youtube.com\\\/c\\\/Airtimecritical-envois-urgents-international\\\/\"]}]}<\/script>\n<!-- \/ Yoast SEO Premium plugin. -->","yoast_head_json":{"title":"Transporte a\u00e9reo prioritario para sus emergencias internacionales - Air Time Critical\u00ae - ATC\u00ae","description":"Transporte a\u00e9reo prioritario: una de las formas de entrega urgente m\u00e1s r\u00e1pidas y efectivas usando por los vuelos comerciales y de carga.","robots":{"index":"index","follow":"follow","max-snippet":"max-snippet:-1","max-image-preview":"max-image-preview:large","max-video-preview":"max-video-preview:-1"},"canonical":"https:\/\/www.airtimecritical.com\/es\/transporte-aereo-prioritario","og_locale":"es_ES","og_type":"article","og_title":"Transporte a\u00e9reo prioritario para sus emergencias internacionales","og_description":"Transporte a\u00e9reo prioritario: una de las formas de entrega urgente m\u00e1s r\u00e1pidas y efectivas usando por los vuelos comerciales y de carga.","og_url":"https:\/\/www.airtimecritical.com\/es\/transporte-aereo-prioritario","og_site_name":"Air Time Critical\u00ae - ATC\u00ae","article_publisher":"https:\/\/www.facebook.com\/AirTimeCritical.Atc.airfreight","article_modified_time":"2024-04-16T16:05:02+00:00","og_image":[{"width":1300,"height":865,"url":"https:\/\/www.airtimecritical.com\/wp-content\/uploads\/2019\/11\/priority-air-freight-expedite-cargo-shipments.jpg","type":"image\/jpeg"}],"twitter_card":"summary_large_image","twitter_site":"@AirTimeCritical","twitter_misc":{"Tiempo de lectura":"2 minutos"},"schema":{"@context":"https:\/\/schema.org","@graph":[{"@type":"WebPage","@id":"https:\/\/www.airtimecritical.com\/es\/transporte-aereo-prioritario","url":"https:\/\/www.airtimecritical.com\/es\/transporte-aereo-prioritario","name":"Transporte a\u00e9reo prioritario para sus emergencias internacionales - Air Time Critical\u00ae - ATC\u00ae","isPartOf":{"@id":"https:\/\/www.airtimecritical.com\/es#website"},"primaryImageOfPage":{"@id":"https:\/\/www.airtimecritical.com\/es\/transporte-aereo-prioritario#primaryimage"},"image":{"@id":"https:\/\/www.airtimecritical.com\/es\/transporte-aereo-prioritario#primaryimage"},"thumbnailUrl":"https:\/\/www.airtimecritical.com\/wp-content\/uploads\/2019\/11\/priority-air-freight-expedite-cargo-shipments.jpg","datePublished":"2019-11-01T10:04:59+00:00","dateModified":"2024-04-16T16:05:02+00:00","description":"Transporte a\u00e9reo prioritario: una de las formas de entrega urgente m\u00e1s r\u00e1pidas y efectivas usando por los vuelos comerciales y de carga.","breadcrumb":{"@id":"https:\/\/www.airtimecritical.com\/es\/transporte-aereo-prioritario#breadcrumb"},"inLanguage":"es","potentialAction":[{"@type":"ReadAction","target":["https:\/\/www.airtimecritical.com\/es\/transporte-aereo-prioritario"]}]},{"@type":"ImageObject","inLanguage":"es","@id":"https:\/\/www.airtimecritical.com\/es\/transporte-aereo-prioritario#primaryimage","url":"https:\/\/www.airtimecritical.com\/wp-content\/uploads\/2019\/11\/priority-air-freight-expedite-cargo-shipments.jpg","contentUrl":"https:\/\/www.airtimecritical.com\/wp-content\/uploads\/2019\/11\/priority-air-freight-expedite-cargo-shipments.jpg","width":1300,"height":865,"caption":"Airplane near the terminal in an airport at the sunset"},{"@type":"BreadcrumbList","@id":"https:\/\/www.airtimecritical.com\/es\/transporte-aereo-prioritario#breadcrumb","itemListElement":[{"@type":"ListItem","position":1,"name":"Home","item":"https:\/\/www.airtimecritical.com\/es"},{"@type":"ListItem","position":2,"name":"Transporte a\u00e9reo prioritario para sus emergencias internacionales"}]},{"@type":"WebSite","@id":"https:\/\/www.airtimecritical.com\/es#website","url":"https:\/\/www.airtimecritical.com\/es","name":"Air Time Critical - ATC","description":"Air Time Critical\u00ae offers priority air freight solutions to the industry in Europe, the Americas, and Asia | Door to door transport","publisher":{"@id":"https:\/\/www.airtimecritical.com\/es#organization"},"potentialAction":[{"@type":"SearchAction","target":{"@type":"EntryPoint","urlTemplate":"https:\/\/www.airtimecritical.com\/es?s={search_term_string}"},"query-input":{"@type":"PropertyValueSpecification","valueRequired":true,"valueName":"search_term_string"}}],"inLanguage":"es"},{"@type":"Organization","@id":"https:\/\/www.airtimecritical.com\/es#organization","name":"Airt Time Critical - ATC","url":"https:\/\/www.airtimecritical.com\/es","logo":{"@type":"ImageObject","inLanguage":"es","@id":"https:\/\/www.airtimecritical.com\/es#\/schema\/logo\/image\/","url":"https:\/\/www.airtimecritical.com\/wp-content\/uploads\/2019\/10\/Logo_airtimecritical.png","contentUrl":"https:\/\/www.airtimecritical.com\/wp-content\/uploads\/2019\/10\/Logo_airtimecritical.png","width":246,"height":141,"caption":"Airt Time Critical - ATC"},"image":{"@id":"https:\/\/www.airtimecritical.com\/es#\/schema\/logo\/image\/"},"sameAs":["https:\/\/www.facebook.com\/AirTimeCritical.Atc.airfreight","https:\/\/x.com\/AirTimeCritical","https:\/\/www.instagram.com\/airtimecritical\/","https:\/\/www.linkedin.com\/company\/air-time-critical-\/","https:\/\/www.youtube.com\/c\/Airtimecritical-envois-urgents-international\/"]}]}},"_links":{"self":[{"href":"https:\/\/www.airtimecritical.com\/es\/wp-json\/wp\/v2\/pages\/1722","targetHints":{"allow":["GET"]}}],"collection":[{"href":"https:\/\/www.airtimecritical.com\/es\/wp-json\/wp\/v2\/pages"}],"about":[{"href":"https:\/\/www.airtimecritical.com\/es\/wp-json\/wp\/v2\/types\/page"}],"author":[{"embeddable":true,"href":"https:\/\/www.airtimecritical.com\/es\/wp-json\/wp\/v2\/users\/2"}],"replies":[{"embeddable":true,"href":"https:\/\/www.airtimecritical.com\/es\/wp-json\/wp\/v2\/comments?post=1722"}],"version-history":[{"count":1,"href":"https:\/\/www.airtimecritical.com\/es\/wp-json\/wp\/v2\/pages\/1722\/revisions"}],"predecessor-version":[{"id":12807,"href":"https:\/\/www.airtimecritical.com\/es\/wp-json\/wp\/v2\/pages\/1722\/revisions\/12807"}],"wp:featuredmedia":[{"embeddable":true,"href":"https:\/\/www.airtimecritical.com\/es\/wp-json\/wp\/v2\/media\/1725"}],"wp:attachment":[{"href":"https:\/\/www.airtimecritical.com\/es\/wp-json\/wp\/v2\/media?parent=1722"}],"curies":[{"name":"wp","href":"https:\/\/api.w.org\/{rel}","templated":true}]}}