{"id":2001,"date":"2020-06-25T08:32:20","date_gmt":"2020-06-25T07:32:20","guid":{"rendered":"https:\/\/www.airtimecritical.com\/contact-us"},"modified":"2025-11-11T18:38:49","modified_gmt":"2025-11-11T17:38:49","slug":"kontaktujte-nas","status":"publish","type":"page","link":"https:\/\/www.airtimecritical.com\/cs\/kontaktujte-nas","title":{"rendered":"Kontaktujte n\u00e1s"},"content":{"rendered":"<div  data-label=\"Contact\" data-id=\"contact--1\" data-export-id=\"contact-1\" data-category=\"contact\" class=\"contact-1 content-section content-section-spacing white-text\" data-parallax-depth=\"20\" id=\"contact-1\" style=\"background-color: #03a9f4; background-image: url('https:\/\/www.airtimecritical.com\/wp-content\/uploads\/2019\/11\/cropped-air-charter-urgent-delivery-air-time-critical-1.jpg'); background-size: cover; background-position: center top;\" data-section-ov=\"1\">\n<div  class=\"\">\n<div  class=\"row text-center\">\n<div  class=\"section-title-col\" data-type=\"column\">\n<h2  style=\"border-bottom-color: #881717;\" class=\"\"><span  style=\"font-size: 24pt;\">Kontaktujte n\u00e1s a my v\u00e1m pom\u016f\u017eeme naj\u00edt to nejvhodn\u011bj\u0161\u00ed logistick\u00e9 \u0159e\u0161en\u00ed pro va\u0161i krizovou situaci.<\/span><\/h2>\n<p  class=\"lead\">Za\u0159\u00edd\u00edme v\u0161e od nakl\u00e1dky a\u017e po doru\u010den\u00ed v\u010detn\u011b v\u0161ech formalit.\nKontaktujte n\u00e1s <span  style=\"font-weight: 600;\">24\/7: +420 214 214 811 (CZ\/SK)<\/span> nebo <span  style=\"font-weight: 600;\">+32 2 888 84 16 (EN\/FR)<\/span><\/p>\n\n<\/div>\n<\/div>\n<div  class=\"row text-center\">\n<div  class=\"col-xs-12 col-sm-8 col-sm-offset-2 contact-form-wrapper inline-info\">\n<div  class=\"card large-padding\">\n<div  class=\"\" data-content-shortcode=\"mesmerize_contact_form shortcode=&quot;wpforms id=&amp;amp;quot;12779&amp;amp;quot;&quot;\" data-editable=\"true\"><div class=\"wpforms-container wpforms-container-full\" id=\"wpforms-12779\"><form id=\"wpforms-form-12779\" class=\"wpforms-validate wpforms-form\" data-formid=\"12779\" method=\"post\" enctype=\"multipart\/form-data\" action=\"\/cs\/wp-json\/wp\/v2\/pages\/2001\" data-token=\"acc773b5bcc3ac46cd9df5674d0d0df8\" data-token-time=\"1776937569\"><noscript class=\"wpforms-error-noscript\">Chcete-li vyplnit tento formul\u00e1\u0159, pros\u00edm povolte v prohl\u00ed\u017ee\u010di JavaScript.<\/noscript><div class=\"wpforms-field-container\"><div id=\"wpforms-12779-field_6-container\" class=\"wpforms-field wpforms-field-text\" data-field-id=\"6\"><label class=\"wpforms-field-label\" for=\"wpforms-12779-field_6\">Spole\u010dnost <span class=\"wpforms-required-label\">*<\/span><\/label><input type=\"text\" id=\"wpforms-12779-field_6\" class=\"wpforms-field-large wpforms-field-required\" name=\"wpforms[fields][6]\" required><\/div><div id=\"wpforms-12779-field_0-container\" class=\"wpforms-field wpforms-field-name\" data-field-id=\"0\"><label class=\"wpforms-field-label\" for=\"wpforms-12779-field_0\">Va\u0161e jm\u00e9no <span class=\"wpforms-required-label\">*<\/span><\/label><div class=\"wpforms-field-row wpforms-field-large\"><div class=\"wpforms-field-row-block wpforms-first wpforms-one-half\"><input type=\"text\" id=\"wpforms-12779-field_0\" class=\"wpforms-field-name-first wpforms-field-required\" name=\"wpforms[fields][0][first]\" placeholder=\"K\u0159estn\u00ed jm\u00e9no\" required><label for=\"wpforms-12779-field_0\" class=\"wpforms-field-sublabel after wpforms-sublabel-hide\">K\u0159estn\u00ed jm\u00e9no<\/label><\/div><div class=\"wpforms-field-row-block wpforms-one-half\"><input type=\"text\" id=\"wpforms-12779-field_0-last\" class=\"wpforms-field-name-last wpforms-field-required\" name=\"wpforms[fields][0][last]\" placeholder=\"  P\u0159\u00edjmen\u00ed\" required><label for=\"wpforms-12779-field_0-last\" class=\"wpforms-field-sublabel after wpforms-sublabel-hide\">P\u0159\u00edjmen\u00ed<\/label><\/div><\/div><\/div><div id=\"wpforms-12779-field_1-container\" class=\"wpforms-field wpforms-field-email\" data-field-id=\"1\"><label class=\"wpforms-field-label\" for=\"wpforms-12779-field_1\">E-mail <span class=\"wpforms-required-label\">*<\/span><\/label><input type=\"email\" id=\"wpforms-12779-field_1\" class=\"wpforms-field-large wpforms-field-required\" name=\"wpforms[fields][1]\" spellcheck=\"false\" required><\/div><div id=\"wpforms-12779-field_10-container\" class=\"wpforms-field wpforms-field-email\" data-field-id=\"10\"><label class=\"wpforms-field-label\" for=\"wpforms-12779-field_10\">Zanechte n\u00e1m va\u0161e telefonn\u00ed \u010d\u00edslo, kontaktujeme v\u00e1s co nejd\u0159\u00edve<\/label><input type=\"email\" id=\"wpforms-12779-field_10\" class=\"wpforms-field-large\" name=\"wpforms[fields][10]\" spellcheck=\"false\" ><\/div><div id=\"wpforms-12779-field_2-container\" class=\"wpforms-field wpforms-field-textarea\" data-field-id=\"2\"><label class=\"wpforms-field-label\" for=\"wpforms-12779-field_2\">Jak v\u00e1m m\u016f\u017eeme pomoci? <span class=\"wpforms-required-label\">*<\/span><\/label><textarea id=\"wpforms-12779-field_2\" class=\"wpforms-field-small wpforms-field-required\" name=\"wpforms[fields][2]\" required><\/textarea><div class=\"wpforms-field-description\"><p><font color=\"#808080\">P\u0159epravn\u00ed slu\u017eby nab\u00edzen\u00e9 spole\u010dnost\u00ed Air Time Critical\u00ae jsou ur\u010deny v\u00fdhradn\u011b pro firemn\u00ed z\u00e1kazn\u00edky (B2B).\n<span style=\"color:#881717;\"><b>Vyhrazujeme pr\u00e1vo reagovat pouze na \u017e\u00e1dosti, kter\u00e9 jsme schopni zpracovat. D\u011bkujeme za pochopen\u00ed.<\/b><\/span><\/font><\/p><\/div><\/div><\/div><!-- .wpforms-field-container --><div class=\"wpforms-field wpforms-field-hp\"><label for=\"wpforms-12779-field-hp\" class=\"wpforms-field-label\">Website<\/label><input type=\"text\" name=\"wpforms[hp]\" id=\"wpforms-12779-field-hp\" class=\"wpforms-field-medium\"><\/div><div class=\"wpforms-recaptcha-container wpforms-is-recaptcha wpforms-is-recaptcha-type-v2\" ><div class=\"g-recaptcha\" data-sitekey=\"6LdzDgEVAAAAAOf14c3OKG3MuZmB-Et3p01FJ3Dq\"><\/div><input type=\"text\" name=\"g-recaptcha-hidden\" class=\"wpforms-recaptcha-hidden\" style=\"position:absolute!important;clip:rect(0,0,0,0)!important;height:1px!important;width:1px!important;border:0!important;overflow:hidden!important;padding:0!important;margin:0!important;\" data-rule-recaptcha=\"1\"><\/div><div class=\"wpforms-submit-container\" ><input type=\"hidden\" name=\"wpforms[id]\" value=\"12779\"><input type=\"hidden\" name=\"page_title\" value=\"\"><input type=\"hidden\" name=\"page_url\" value=\"https:\/\/www.airtimecritical.com\/cs\/wp-json\/wp\/v2\/pages\/2001\"><input type=\"hidden\" name=\"url_referer\" value=\"\"><button type=\"submit\" name=\"wpforms[submit]\" id=\"wpforms-submit-12779\" class=\"wpforms-submit\" data-alt-text=\"Prob\u00edh\u00e1 odes\u00edl\u00e1n\u00ed...\" data-submit-text=\"Odeslat\" aria-live=\"assertive\" value=\"wpforms-submit\">Odeslat<\/button><\/div><\/form><\/div>  <!-- .wpforms-container --><\/div>\n<\/div>\n<\/div>\n<\/div>\n<\/div>\n<\/div>","protected":false},"excerpt":{"rendered":"<p>Kontaktujte n\u00e1s a my v\u00e1m pom\u016f\u017eeme naj\u00edt to nejvhodn\u011bj\u0161\u00ed logistick\u00e9 \u0159e\u0161en\u00ed pro va\u0161i krizovou situaci. Za\u0159\u00edd\u00edme v\u0161e od nakl\u00e1dky a\u017e po doru\u010den\u00ed v\u010detn\u011b v\u0161ech formalit. Kontaktujte n\u00e1s 24\/7: +420 214 214 811 (CZ\/SK) nebo +32 2 888 84 16 (EN\/FR)<\/p>\n","protected":false},"author":5,"featured_media":0,"parent":0,"menu_order":0,"comment_status":"closed","ping_status":"closed","template":"pro\/page-templates\/page-with-small-header.php","meta":{"footnotes":""},"class_list":["post-2001","page","type-page","status-publish","hentry"],"yoast_head":"<!-- This site is optimized with the Yoast SEO Premium plugin v27.3 (Yoast SEO v27.4) - https:\/\/yoast.com\/product\/yoast-seo-premium-wordpress\/ -->\n<title>Kontaktujte n\u00e1s - Air Time Critical\u00ae - ATC\u00ae<\/title>\n<meta name=\"description\" content=\"\u0158e\u0161\u00edte krizovou situaci a pot\u0159ebujete logistick\u00e9 \u0159e\u0161en\u00ed na kl\u00ed\u010d? Obra\u0165te se na Air Time Critical\u00ae. Postar\u00e1me se o v\u0161echny kroky p\u0159epravy.\" \/>\n<meta name=\"robots\" content=\"index, follow, max-snippet:-1, max-image-preview:large, max-video-preview:-1\" \/>\n<link rel=\"canonical\" href=\"https:\/\/www.airtimecritical.com\/cs\/kontaktujte-nas\" \/>\n<meta property=\"og:locale\" content=\"cs_CZ\" \/>\n<meta property=\"og:type\" content=\"article\" \/>\n<meta property=\"og:title\" content=\"Kontaktujte n\u00e1s\" \/>\n<meta property=\"og:description\" content=\"\u0158e\u0161\u00edte krizovou situaci a pot\u0159ebujete logistick\u00e9 \u0159e\u0161en\u00ed na kl\u00ed\u010d? Obra\u0165te se na Air Time Critical\u00ae. Postar\u00e1me se o v\u0161echny kroky p\u0159epravy.\" \/>\n<meta property=\"og:url\" content=\"https:\/\/www.airtimecritical.com\/cs\/kontaktujte-nas\" \/>\n<meta property=\"og:site_name\" content=\"Air Time Critical\u00ae - ATC\u00ae\" \/>\n<meta property=\"article:publisher\" content=\"https:\/\/www.facebook.com\/AirTimeCritical.Atc.airfreight\" \/>\n<meta property=\"article:modified_time\" content=\"2025-11-11T17:38:49+00:00\" \/>\n<meta name=\"twitter:card\" content=\"summary_large_image\" \/>\n<meta name=\"twitter:site\" content=\"@AirTimeCritical\" \/>\n<meta name=\"twitter:label1\" content=\"Odhadovan\u00e1 doba \u010dten\u00ed\" \/>\n\t<meta name=\"twitter:data1\" content=\"1 minuta\" \/>\n<script type=\"application\/ld+json\" class=\"yoast-schema-graph\">{\"@context\":\"https:\\\/\\\/schema.org\",\"@graph\":[{\"@type\":\"WebPage\",\"@id\":\"https:\\\/\\\/www.airtimecritical.com\\\/cs\\\/kontaktujte-nas\",\"url\":\"https:\\\/\\\/www.airtimecritical.com\\\/cs\\\/kontaktujte-nas\",\"name\":\"Kontaktujte n\u00e1s - Air Time Critical\u00ae - ATC\u00ae\",\"isPartOf\":{\"@id\":\"https:\\\/\\\/www.airtimecritical.com\\\/cs\\\/#website\"},\"datePublished\":\"2020-06-25T07:32:20+00:00\",\"dateModified\":\"2025-11-11T17:38:49+00:00\",\"description\":\"\u0158e\u0161\u00edte krizovou situaci a pot\u0159ebujete logistick\u00e9 \u0159e\u0161en\u00ed na kl\u00ed\u010d? Obra\u0165te se na Air Time Critical\u00ae. Postar\u00e1me se o v\u0161echny kroky p\u0159epravy.\",\"breadcrumb\":{\"@id\":\"https:\\\/\\\/www.airtimecritical.com\\\/cs\\\/kontaktujte-nas#breadcrumb\"},\"inLanguage\":\"cs\",\"potentialAction\":[{\"@type\":\"ReadAction\",\"target\":[\"https:\\\/\\\/www.airtimecritical.com\\\/cs\\\/kontaktujte-nas\"]}]},{\"@type\":\"BreadcrumbList\",\"@id\":\"https:\\\/\\\/www.airtimecritical.com\\\/cs\\\/kontaktujte-nas#breadcrumb\",\"itemListElement\":[{\"@type\":\"ListItem\",\"position\":1,\"name\":\"Home\",\"item\":\"https:\\\/\\\/www.airtimecritical.com\\\/cs\"},{\"@type\":\"ListItem\",\"position\":2,\"name\":\"Kontaktujte n\u00e1s\"}]},{\"@type\":\"WebSite\",\"@id\":\"https:\\\/\\\/www.airtimecritical.com\\\/cs\\\/#website\",\"url\":\"https:\\\/\\\/www.airtimecritical.com\\\/cs\\\/\",\"name\":\"Air Time Critical - ATC\",\"description\":\"Air Time Critical\u00ae offers priority air freight solutions to the industry in Europe, the Americas, and Asia | Door to door transport\",\"publisher\":{\"@id\":\"https:\\\/\\\/www.airtimecritical.com\\\/cs\\\/#organization\"},\"potentialAction\":[{\"@type\":\"SearchAction\",\"target\":{\"@type\":\"EntryPoint\",\"urlTemplate\":\"https:\\\/\\\/www.airtimecritical.com\\\/cs\\\/?s={search_term_string}\"},\"query-input\":{\"@type\":\"PropertyValueSpecification\",\"valueRequired\":true,\"valueName\":\"search_term_string\"}}],\"inLanguage\":\"cs\"},{\"@type\":\"Organization\",\"@id\":\"https:\\\/\\\/www.airtimecritical.com\\\/cs\\\/#organization\",\"name\":\"Airt Time Critical - ATC\",\"url\":\"https:\\\/\\\/www.airtimecritical.com\\\/cs\\\/\",\"logo\":{\"@type\":\"ImageObject\",\"inLanguage\":\"cs\",\"@id\":\"https:\\\/\\\/www.airtimecritical.com\\\/cs\\\/#\\\/schema\\\/logo\\\/image\\\/\",\"url\":\"https:\\\/\\\/www.airtimecritical.com\\\/wp-content\\\/uploads\\\/2019\\\/10\\\/Logo_airtimecritical.png\",\"contentUrl\":\"https:\\\/\\\/www.airtimecritical.com\\\/wp-content\\\/uploads\\\/2019\\\/10\\\/Logo_airtimecritical.png\",\"width\":246,\"height\":141,\"caption\":\"Airt Time Critical - ATC\"},\"image\":{\"@id\":\"https:\\\/\\\/www.airtimecritical.com\\\/cs\\\/#\\\/schema\\\/logo\\\/image\\\/\"},\"sameAs\":[\"https:\\\/\\\/www.facebook.com\\\/AirTimeCritical.Atc.airfreight\",\"https:\\\/\\\/x.com\\\/AirTimeCritical\",\"https:\\\/\\\/www.instagram.com\\\/airtimecritical\\\/\",\"https:\\\/\\\/www.linkedin.com\\\/company\\\/air-time-critical-\\\/\",\"https:\\\/\\\/www.youtube.com\\\/c\\\/Airtimecritical-envois-urgents-international\\\/\"]}]}<\/script>\n<!-- \/ Yoast SEO Premium plugin. -->","yoast_head_json":{"title":"Kontaktujte n\u00e1s - Air Time Critical\u00ae - ATC\u00ae","description":"\u0158e\u0161\u00edte krizovou situaci a pot\u0159ebujete logistick\u00e9 \u0159e\u0161en\u00ed na kl\u00ed\u010d? Obra\u0165te se na Air Time Critical\u00ae. Postar\u00e1me se o v\u0161echny kroky p\u0159epravy.","robots":{"index":"index","follow":"follow","max-snippet":"max-snippet:-1","max-image-preview":"max-image-preview:large","max-video-preview":"max-video-preview:-1"},"canonical":"https:\/\/www.airtimecritical.com\/cs\/kontaktujte-nas","og_locale":"cs_CZ","og_type":"article","og_title":"Kontaktujte n\u00e1s","og_description":"\u0158e\u0161\u00edte krizovou situaci a pot\u0159ebujete logistick\u00e9 \u0159e\u0161en\u00ed na kl\u00ed\u010d? Obra\u0165te se na Air Time Critical\u00ae. Postar\u00e1me se o v\u0161echny kroky p\u0159epravy.","og_url":"https:\/\/www.airtimecritical.com\/cs\/kontaktujte-nas","og_site_name":"Air Time Critical\u00ae - ATC\u00ae","article_publisher":"https:\/\/www.facebook.com\/AirTimeCritical.Atc.airfreight","article_modified_time":"2025-11-11T17:38:49+00:00","twitter_card":"summary_large_image","twitter_site":"@AirTimeCritical","twitter_misc":{"Odhadovan\u00e1 doba \u010dten\u00ed":"1 minuta"},"schema":{"@context":"https:\/\/schema.org","@graph":[{"@type":"WebPage","@id":"https:\/\/www.airtimecritical.com\/cs\/kontaktujte-nas","url":"https:\/\/www.airtimecritical.com\/cs\/kontaktujte-nas","name":"Kontaktujte n\u00e1s - Air Time Critical\u00ae - ATC\u00ae","isPartOf":{"@id":"https:\/\/www.airtimecritical.com\/cs\/#website"},"datePublished":"2020-06-25T07:32:20+00:00","dateModified":"2025-11-11T17:38:49+00:00","description":"\u0158e\u0161\u00edte krizovou situaci a pot\u0159ebujete logistick\u00e9 \u0159e\u0161en\u00ed na kl\u00ed\u010d? Obra\u0165te se na Air Time Critical\u00ae. Postar\u00e1me se o v\u0161echny kroky p\u0159epravy.","breadcrumb":{"@id":"https:\/\/www.airtimecritical.com\/cs\/kontaktujte-nas#breadcrumb"},"inLanguage":"cs","potentialAction":[{"@type":"ReadAction","target":["https:\/\/www.airtimecritical.com\/cs\/kontaktujte-nas"]}]},{"@type":"BreadcrumbList","@id":"https:\/\/www.airtimecritical.com\/cs\/kontaktujte-nas#breadcrumb","itemListElement":[{"@type":"ListItem","position":1,"name":"Home","item":"https:\/\/www.airtimecritical.com\/cs"},{"@type":"ListItem","position":2,"name":"Kontaktujte n\u00e1s"}]},{"@type":"WebSite","@id":"https:\/\/www.airtimecritical.com\/cs\/#website","url":"https:\/\/www.airtimecritical.com\/cs\/","name":"Air Time Critical - ATC","description":"Air Time Critical\u00ae offers priority air freight solutions to the industry in Europe, the Americas, and Asia | Door to door transport","publisher":{"@id":"https:\/\/www.airtimecritical.com\/cs\/#organization"},"potentialAction":[{"@type":"SearchAction","target":{"@type":"EntryPoint","urlTemplate":"https:\/\/www.airtimecritical.com\/cs\/?s={search_term_string}"},"query-input":{"@type":"PropertyValueSpecification","valueRequired":true,"valueName":"search_term_string"}}],"inLanguage":"cs"},{"@type":"Organization","@id":"https:\/\/www.airtimecritical.com\/cs\/#organization","name":"Airt Time Critical - ATC","url":"https:\/\/www.airtimecritical.com\/cs\/","logo":{"@type":"ImageObject","inLanguage":"cs","@id":"https:\/\/www.airtimecritical.com\/cs\/#\/schema\/logo\/image\/","url":"https:\/\/www.airtimecritical.com\/wp-content\/uploads\/2019\/10\/Logo_airtimecritical.png","contentUrl":"https:\/\/www.airtimecritical.com\/wp-content\/uploads\/2019\/10\/Logo_airtimecritical.png","width":246,"height":141,"caption":"Airt Time Critical - ATC"},"image":{"@id":"https:\/\/www.airtimecritical.com\/cs\/#\/schema\/logo\/image\/"},"sameAs":["https:\/\/www.facebook.com\/AirTimeCritical.Atc.airfreight","https:\/\/x.com\/AirTimeCritical","https:\/\/www.instagram.com\/airtimecritical\/","https:\/\/www.linkedin.com\/company\/air-time-critical-\/","https:\/\/www.youtube.com\/c\/Airtimecritical-envois-urgents-international\/"]}]}},"_links":{"self":[{"href":"https:\/\/www.airtimecritical.com\/cs\/wp-json\/wp\/v2\/pages\/2001","targetHints":{"allow":["GET"]}}],"collection":[{"href":"https:\/\/www.airtimecritical.com\/cs\/wp-json\/wp\/v2\/pages"}],"about":[{"href":"https:\/\/www.airtimecritical.com\/cs\/wp-json\/wp\/v2\/types\/page"}],"author":[{"embeddable":true,"href":"https:\/\/www.airtimecritical.com\/cs\/wp-json\/wp\/v2\/users\/5"}],"replies":[{"embeddable":true,"href":"https:\/\/www.airtimecritical.com\/cs\/wp-json\/wp\/v2\/comments?post=2001"}],"version-history":[{"count":3,"href":"https:\/\/www.airtimecritical.com\/cs\/wp-json\/wp\/v2\/pages\/2001\/revisions"}],"predecessor-version":[{"id":15915,"href":"https:\/\/www.airtimecritical.com\/cs\/wp-json\/wp\/v2\/pages\/2001\/revisions\/15915"}],"wp:attachment":[{"href":"https:\/\/www.airtimecritical.com\/cs\/wp-json\/wp\/v2\/media?parent=2001"}],"curies":[{"name":"wp","href":"https:\/\/api.w.org\/{rel}","templated":true}]}}