{"id":1896,"date":"2020-11-05T15:02:12","date_gmt":"2020-11-05T14:02:12","guid":{"rendered":"https:\/\/www.airtimecritical.com\/?page_id=1896"},"modified":"2025-11-27T15:24:23","modified_gmt":"2025-11-27T14:24:23","slug":"poptavka","status":"publish","type":"page","link":"https:\/\/www.airtimecritical.com\/cs\/poptavka","title":{"rendered":"Popt\u00e1vka"},"content":{"rendered":"<div data-id=\"initial-content-section\" data-export-id=\"initial-content-section\" data-label=\"Initial Content\" id=\"initial-content-section\" class=\"content-section content-section-spacing\">\r\n<div class=\"\">\r\n<div class=\"row\">\r\n<div class=\"col-xs-12 col-sm-12\">\r\n<div id=\"contact-1\" class=\"contact-1 content-section content-section-spacing white-text\" style=\"background-color: #03a9f4; background-image: url('https:\/\/www.airtimecritical.com\/wp-content\/uploads\/2019\/11\/cropped-air-charter-urgent-delivery-air-time-critical-1.jpg'); background-size: cover; background-position: center top;\" data-label=\"Contact\" data-id=\"contact--1\" data-export-id=\"contact-1\" data-category=\"contact\" data-parallax-depth=\"20\" data-section-ov=\"1\">\r\n<div class=\"\">\r\n<div class=\"row text-center\">\r\n<div class=\"section-title-col\" data-type=\"column\">\r\n<h2 data-wp-editing=\"1\" style=\"border-bottom-color: #881717;\">Popt\u00e1vka: zhodnocen\u00ed proveditelnosti do 30 minut<\/h2>\r\n<\/div>\r\n<\/div>\r\n<div class=\"row text-center\">\r\n<div class=\"col-xs-12 col-sm-8 col-sm-offset-2 contact-form-wrapper inline-info\">\r\n<div class=\"card large-padding\">\r\n<div id=\"&amp;quot;27&amp;quot;\" class=\"\" title=\"&amp;quot;false&amp;quot;\" data-content-shortcode=\"mesmerize_contact_form shortcode=&quot;wpforms id=&amp;amp;quot;1861&amp;amp;quot;&quot;\" data-editable=\"true\"><div class=\"wpforms-container wpforms-container-full\" id=\"wpforms-1861\"><form id=\"wpforms-form-1861\" class=\"wpforms-validate wpforms-form\" data-formid=\"1861\" method=\"post\" enctype=\"multipart\/form-data\" action=\"\/cs\/wp-json\/wp\/v2\/pages\/1896\" data-token=\"92bf5a83709bb707e1dad10814781088\" data-token-time=\"1777905248\"><noscript class=\"wpforms-error-noscript\">Chcete-li vyplnit tento formul\u00e1\u0159, pros\u00edm povolte v prohl\u00ed\u017ee\u010di JavaScript.<\/noscript><div class=\"wpforms-field-container\"><div id=\"wpforms-1861-field_0-container\" class=\"wpforms-field wpforms-field-name\" data-field-id=\"0\"><label class=\"wpforms-field-label\" for=\"wpforms-1861-field_0\">Datum a \u010das nakl\u00e1dky <span class=\"wpforms-required-label\">*<\/span><\/label><input type=\"text\" id=\"wpforms-1861-field_0\" class=\"wpforms-field-large wpforms-field-required\" name=\"wpforms[fields][0]\" required><div class=\"wpforms-field-description\">10\/10\/2019<\/div><\/div><div id=\"wpforms-1861-field_4-container\" class=\"wpforms-field wpforms-field-name\" data-field-id=\"4\"><label class=\"wpforms-field-label\" for=\"wpforms-1861-field_4\">Adresa nakl\u00e1dky <span class=\"wpforms-required-label\">*<\/span><\/label><input type=\"text\" id=\"wpforms-1861-field_4\" class=\"wpforms-field-large wpforms-field-required\" name=\"wpforms[fields][4]\" required><div class=\"wpforms-field-description\">Zem\u011b \/ M\u011bsto \/ PS\u010c<\/div><\/div><div id=\"wpforms-1861-field_5-container\" class=\"wpforms-field wpforms-field-name\" data-field-id=\"5\"><label class=\"wpforms-field-label\" for=\"wpforms-1861-field_5\">Adresa doru\u010den\u00ed <span class=\"wpforms-required-label\">*<\/span><\/label><input type=\"text\" id=\"wpforms-1861-field_5\" class=\"wpforms-field-large wpforms-field-required\" name=\"wpforms[fields][5]\" required><div class=\"wpforms-field-description\">Zem\u011b \/ M\u011bsto \/ PS\u010c<\/div><\/div><div id=\"wpforms-1861-field_7-container\" class=\"wpforms-field wpforms-field-radio\" data-field-id=\"7\"><label class=\"wpforms-field-label\">Balen\u00ed<\/label><ul id=\"wpforms-1861-field_7\"><li class=\"choice-1 depth-1\"><input type=\"radio\" id=\"wpforms-1861-field_7_1\" name=\"wpforms[fields][7]\" value=\"Palety\"  ><label class=\"wpforms-field-label-inline\" for=\"wpforms-1861-field_7_1\">Palety<\/label><\/li><li class=\"choice-2 depth-1\"><input type=\"radio\" id=\"wpforms-1861-field_7_2\" name=\"wpforms[fields][7]\" value=\"Krabice\"  ><label class=\"wpforms-field-label-inline\" for=\"wpforms-1861-field_7_2\">Krabice<\/label><\/li><li class=\"choice-3 depth-1\"><input type=\"radio\" id=\"wpforms-1861-field_7_3\" name=\"wpforms[fields][7]\" value=\"Jin\u00e9\"  ><label class=\"wpforms-field-label-inline\" for=\"wpforms-1861-field_7_3\">Jin\u00e9<\/label><\/li><\/ul><\/div><div id=\"wpforms-1861-field_11-container\" class=\"wpforms-field wpforms-field-text\" data-field-id=\"11\"><label class=\"wpforms-field-label\" for=\"wpforms-1861-field_11\">Mno\u017estv\u00ed<\/label><input type=\"text\" id=\"wpforms-1861-field_11\" class=\"wpforms-field-medium\" name=\"wpforms[fields][11]\" ><\/div><div id=\"wpforms-1861-field_12-container\" class=\"wpforms-field wpforms-field-text\" data-field-id=\"12\"><label class=\"wpforms-field-label\" for=\"wpforms-1861-field_12\">Rozm\u011bry<\/label><input type=\"text\" id=\"wpforms-1861-field_12\" class=\"wpforms-field-medium\" name=\"wpforms[fields][12]\" ><div class=\"wpforms-field-description\">D\u00e9lka*\u0160\u00ed\u0159ka*V\u00fd\u0161ka (cm)<\/div><\/div><div id=\"wpforms-1861-field_13-container\" class=\"wpforms-field wpforms-field-text\" data-field-id=\"13\"><label class=\"wpforms-field-label\" for=\"wpforms-1861-field_13\">Celkov\u00e1 v\u00e1ha<\/label><input type=\"text\" id=\"wpforms-1861-field_13\" class=\"wpforms-field-medium\" name=\"wpforms[fields][13]\" ><div class=\"wpforms-field-description\">Kg<\/div><\/div><div id=\"wpforms-1861-field_14-container\" class=\"wpforms-field wpforms-field-text\" data-field-id=\"14\"><label class=\"wpforms-field-label\" for=\"wpforms-1861-field_14\">Druh zbo\u017e\u00ed<\/label><input type=\"text\" id=\"wpforms-1861-field_14\" class=\"wpforms-field-medium\" name=\"wpforms[fields][14]\" ><\/div><div id=\"wpforms-1861-field_15-container\" class=\"wpforms-field wpforms-field-text\" data-field-id=\"15\"><label class=\"wpforms-field-label\" for=\"wpforms-1861-field_15\">Datum a \u010das doru\u010den\u00ed<\/label><input type=\"text\" id=\"wpforms-1861-field_15\" class=\"wpforms-field-medium\" name=\"wpforms[fields][15]\" ><div class=\"wpforms-field-description\">Zadejte ASAP pro nejrychlej\u0161\u00ed \u0159e\u0161en\u00ed<\/div><\/div><div id=\"wpforms-1861-field_1-container\" class=\"wpforms-field wpforms-field-email\" data-field-id=\"1\"><label class=\"wpforms-field-label\" for=\"wpforms-1861-field_1\">E-mail <span class=\"wpforms-required-label\">*<\/span><\/label><input type=\"email\" id=\"wpforms-1861-field_1\" class=\"wpforms-field-large wpforms-field-required\" name=\"wpforms[fields][1]\" spellcheck=\"false\" required><\/div><div id=\"wpforms-1861-field_2-container\" class=\"wpforms-field wpforms-field-textarea\" data-field-id=\"2\"><label class=\"wpforms-field-label\" for=\"wpforms-1861-field_2\">Zpr\u00e1va <span class=\"wpforms-required-label\">*<\/span><\/label><textarea id=\"wpforms-1861-field_2\" class=\"wpforms-field-large wpforms-field-required\" name=\"wpforms[fields][2]\" required><\/textarea><div class=\"wpforms-field-description\"><p><font color=\"#808080\">P\u0159epravn\u00ed slu\u017eby nab\u00edzen\u00e9 spole\u010dnost\u00ed Air Time Critical\u00ae jsou ur\u010deny pouze pro firemn\u00ed z\u00e1kazn\u00edky (B2B).\n<\/font><span style=\"color:#881717;\"><b>Vyhrazujeme pr\u00e1vo reagovat pouze na \u017e\u00e1dosti, kter\u00e9 jsme schopni zpracovat. D\u011bkujeme za pochopen\u00ed.<\/b><\/span><\/p><\/div><\/div><\/div><!-- .wpforms-field-container --><div class=\"wpforms-field wpforms-field-hp\"><label for=\"wpforms-1861-field-hp\" class=\"wpforms-field-label\">Message<\/label><input type=\"text\" name=\"wpforms[hp]\" id=\"wpforms-1861-field-hp\" class=\"wpforms-field-medium\"><\/div><div class=\"wpforms-recaptcha-container wpforms-is-recaptcha wpforms-is-recaptcha-type-v2\" ><div class=\"g-recaptcha\" data-sitekey=\"6LdzDgEVAAAAAOf14c3OKG3MuZmB-Et3p01FJ3Dq\"><\/div><input type=\"text\" name=\"g-recaptcha-hidden\" class=\"wpforms-recaptcha-hidden\" style=\"position:absolute!important;clip:rect(0,0,0,0)!important;height:1px!important;width:1px!important;border:0!important;overflow:hidden!important;padding:0!important;margin:0!important;\" data-rule-recaptcha=\"1\"><\/div><div class=\"wpforms-submit-container\" ><input type=\"hidden\" name=\"wpforms[id]\" value=\"1861\"><input type=\"hidden\" name=\"page_title\" value=\"\"><input type=\"hidden\" name=\"page_url\" value=\"https:\/\/www.airtimecritical.com\/cs\/wp-json\/wp\/v2\/pages\/1896\"><input type=\"hidden\" name=\"url_referer\" value=\"\"><button type=\"submit\" name=\"wpforms[submit]\" id=\"wpforms-submit-1861\" class=\"wpforms-submit button color1\" data-alt-text=\"Odes\u00edl\u00e1 se...\" data-submit-text=\"Odeslat\" aria-live=\"assertive\" value=\"wpforms-submit\">Odeslat<\/button><\/div><\/form><\/div>  <!-- .wpforms-container --><\/div>\r\n<\/div>\r\n<\/div>\r\n<\/div>\r\n<\/div>\r\n<\/div>\r\n<\/div>\r\n<\/div>\r\n<\/div>\r\n<\/div>","protected":false},"excerpt":{"rendered":"<p>Popt\u00e1vka: zhodnocen\u00ed proveditelnosti do 30 minut<\/p>\n","protected":false},"author":2,"featured_media":0,"parent":0,"menu_order":0,"comment_status":"closed","ping_status":"closed","template":"pro\/page-templates\/full-width-page.php","meta":{"footnotes":""},"class_list":["post-1896","page","type-page","status-publish","hentry"],"yoast_head":"<!-- This site is optimized with the Yoast SEO Premium plugin v27.5 (Yoast SEO v27.5) - https:\/\/yoast.com\/product\/yoast-seo-premium-wordpress\/ -->\n<title>Popt\u00e1vka - Air Time Critical\u00ae - ATC\u00ae<\/title>\n<meta name=\"description\" content=\"Popt\u00e1vka urgentn\u00ed p\u0159epravy \u2013 zhodnocen\u00ed proveditelnosti do 30 minut.\" \/>\n<meta name=\"robots\" content=\"index, follow, max-snippet:-1, max-image-preview:large, max-video-preview:-1\" \/>\n<link rel=\"canonical\" href=\"https:\/\/www.airtimecritical.com\/cs\/poptavka\" \/>\n<meta property=\"og:locale\" content=\"cs_CZ\" \/>\n<meta property=\"og:type\" content=\"article\" \/>\n<meta property=\"og:title\" content=\"Popt\u00e1vka\" \/>\n<meta property=\"og:description\" content=\"Popt\u00e1vka urgentn\u00ed p\u0159epravy \u2013 zhodnocen\u00ed proveditelnosti do 30 minut.\" \/>\n<meta property=\"og:url\" content=\"https:\/\/www.airtimecritical.com\/cs\/poptavka\" \/>\n<meta property=\"og:site_name\" content=\"Air Time Critical\u00ae - ATC\u00ae\" \/>\n<meta property=\"article:publisher\" content=\"https:\/\/www.facebook.com\/AirTimeCritical.Atc.airfreight\" \/>\n<meta property=\"article:modified_time\" content=\"2025-11-27T14:24:23+00:00\" \/>\n<meta name=\"twitter:card\" content=\"summary_large_image\" \/>\n<meta name=\"twitter:site\" content=\"@AirTimeCritical\" \/>\n<meta name=\"twitter:label1\" content=\"Odhadovan\u00e1 doba \u010dten\u00ed\" \/>\n\t<meta name=\"twitter:data1\" content=\"1 minuta\" \/>\n<script type=\"application\/ld+json\" class=\"yoast-schema-graph\">{\"@context\":\"https:\\\/\\\/schema.org\",\"@graph\":[{\"@type\":\"WebPage\",\"@id\":\"https:\\\/\\\/www.airtimecritical.com\\\/cs\\\/poptavka\",\"url\":\"https:\\\/\\\/www.airtimecritical.com\\\/cs\\\/poptavka\",\"name\":\"Popt\u00e1vka - Air Time Critical\u00ae - ATC\u00ae\",\"isPartOf\":{\"@id\":\"https:\\\/\\\/www.airtimecritical.com\\\/cs\\\/#website\"},\"datePublished\":\"2020-11-05T14:02:12+00:00\",\"dateModified\":\"2025-11-27T14:24:23+00:00\",\"description\":\"Popt\u00e1vka urgentn\u00ed p\u0159epravy \u2013 zhodnocen\u00ed proveditelnosti do 30 minut.\",\"breadcrumb\":{\"@id\":\"https:\\\/\\\/www.airtimecritical.com\\\/cs\\\/poptavka#breadcrumb\"},\"inLanguage\":\"cs\",\"potentialAction\":[{\"@type\":\"ReadAction\",\"target\":[\"https:\\\/\\\/www.airtimecritical.com\\\/cs\\\/poptavka\"]}]},{\"@type\":\"BreadcrumbList\",\"@id\":\"https:\\\/\\\/www.airtimecritical.com\\\/cs\\\/poptavka#breadcrumb\",\"itemListElement\":[{\"@type\":\"ListItem\",\"position\":1,\"name\":\"Home\",\"item\":\"https:\\\/\\\/www.airtimecritical.com\\\/cs\"},{\"@type\":\"ListItem\",\"position\":2,\"name\":\"Popt\u00e1vka\"}]},{\"@type\":\"WebSite\",\"@id\":\"https:\\\/\\\/www.airtimecritical.com\\\/cs\\\/#website\",\"url\":\"https:\\\/\\\/www.airtimecritical.com\\\/cs\\\/\",\"name\":\"Air Time Critical - ATC\",\"description\":\"Air Time Critical\u00ae offers priority air freight solutions to the industry in Europe, the Americas, and Asia | Door to door transport\",\"publisher\":{\"@id\":\"https:\\\/\\\/www.airtimecritical.com\\\/cs\\\/#organization\"},\"potentialAction\":[{\"@type\":\"SearchAction\",\"target\":{\"@type\":\"EntryPoint\",\"urlTemplate\":\"https:\\\/\\\/www.airtimecritical.com\\\/cs\\\/?s={search_term_string}\"},\"query-input\":{\"@type\":\"PropertyValueSpecification\",\"valueRequired\":true,\"valueName\":\"search_term_string\"}}],\"inLanguage\":\"cs\"},{\"@type\":\"Organization\",\"@id\":\"https:\\\/\\\/www.airtimecritical.com\\\/cs\\\/#organization\",\"name\":\"Airt Time Critical - ATC\",\"url\":\"https:\\\/\\\/www.airtimecritical.com\\\/cs\\\/\",\"logo\":{\"@type\":\"ImageObject\",\"inLanguage\":\"cs\",\"@id\":\"https:\\\/\\\/www.airtimecritical.com\\\/cs\\\/#\\\/schema\\\/logo\\\/image\\\/\",\"url\":\"https:\\\/\\\/www.airtimecritical.com\\\/wp-content\\\/uploads\\\/2019\\\/10\\\/Logo_airtimecritical.png\",\"contentUrl\":\"https:\\\/\\\/www.airtimecritical.com\\\/wp-content\\\/uploads\\\/2019\\\/10\\\/Logo_airtimecritical.png\",\"width\":246,\"height\":141,\"caption\":\"Airt Time Critical - ATC\"},\"image\":{\"@id\":\"https:\\\/\\\/www.airtimecritical.com\\\/cs\\\/#\\\/schema\\\/logo\\\/image\\\/\"},\"sameAs\":[\"https:\\\/\\\/www.facebook.com\\\/AirTimeCritical.Atc.airfreight\",\"https:\\\/\\\/x.com\\\/AirTimeCritical\",\"https:\\\/\\\/www.instagram.com\\\/airtimecritical\\\/\",\"https:\\\/\\\/www.linkedin.com\\\/company\\\/air-time-critical-\\\/\",\"https:\\\/\\\/www.youtube.com\\\/c\\\/Airtimecritical-envois-urgents-international\\\/\"]}]}<\/script>\n<!-- \/ Yoast SEO Premium plugin. -->","yoast_head_json":{"title":"Popt\u00e1vka - Air Time Critical\u00ae - ATC\u00ae","description":"Popt\u00e1vka urgentn\u00ed p\u0159epravy \u2013 zhodnocen\u00ed proveditelnosti do 30 minut.","robots":{"index":"index","follow":"follow","max-snippet":"max-snippet:-1","max-image-preview":"max-image-preview:large","max-video-preview":"max-video-preview:-1"},"canonical":"https:\/\/www.airtimecritical.com\/cs\/poptavka","og_locale":"cs_CZ","og_type":"article","og_title":"Popt\u00e1vka","og_description":"Popt\u00e1vka urgentn\u00ed p\u0159epravy \u2013 zhodnocen\u00ed proveditelnosti do 30 minut.","og_url":"https:\/\/www.airtimecritical.com\/cs\/poptavka","og_site_name":"Air Time Critical\u00ae - ATC\u00ae","article_publisher":"https:\/\/www.facebook.com\/AirTimeCritical.Atc.airfreight","article_modified_time":"2025-11-27T14:24:23+00:00","twitter_card":"summary_large_image","twitter_site":"@AirTimeCritical","twitter_misc":{"Odhadovan\u00e1 doba \u010dten\u00ed":"1 minuta"},"schema":{"@context":"https:\/\/schema.org","@graph":[{"@type":"WebPage","@id":"https:\/\/www.airtimecritical.com\/cs\/poptavka","url":"https:\/\/www.airtimecritical.com\/cs\/poptavka","name":"Popt\u00e1vka - Air Time Critical\u00ae - ATC\u00ae","isPartOf":{"@id":"https:\/\/www.airtimecritical.com\/cs\/#website"},"datePublished":"2020-11-05T14:02:12+00:00","dateModified":"2025-11-27T14:24:23+00:00","description":"Popt\u00e1vka urgentn\u00ed p\u0159epravy \u2013 zhodnocen\u00ed proveditelnosti do 30 minut.","breadcrumb":{"@id":"https:\/\/www.airtimecritical.com\/cs\/poptavka#breadcrumb"},"inLanguage":"cs","potentialAction":[{"@type":"ReadAction","target":["https:\/\/www.airtimecritical.com\/cs\/poptavka"]}]},{"@type":"BreadcrumbList","@id":"https:\/\/www.airtimecritical.com\/cs\/poptavka#breadcrumb","itemListElement":[{"@type":"ListItem","position":1,"name":"Home","item":"https:\/\/www.airtimecritical.com\/cs"},{"@type":"ListItem","position":2,"name":"Popt\u00e1vka"}]},{"@type":"WebSite","@id":"https:\/\/www.airtimecritical.com\/cs\/#website","url":"https:\/\/www.airtimecritical.com\/cs\/","name":"Air Time Critical - ATC","description":"Air Time Critical\u00ae offers priority air freight solutions to the industry in Europe, the Americas, and Asia | Door to door transport","publisher":{"@id":"https:\/\/www.airtimecritical.com\/cs\/#organization"},"potentialAction":[{"@type":"SearchAction","target":{"@type":"EntryPoint","urlTemplate":"https:\/\/www.airtimecritical.com\/cs\/?s={search_term_string}"},"query-input":{"@type":"PropertyValueSpecification","valueRequired":true,"valueName":"search_term_string"}}],"inLanguage":"cs"},{"@type":"Organization","@id":"https:\/\/www.airtimecritical.com\/cs\/#organization","name":"Airt Time Critical - ATC","url":"https:\/\/www.airtimecritical.com\/cs\/","logo":{"@type":"ImageObject","inLanguage":"cs","@id":"https:\/\/www.airtimecritical.com\/cs\/#\/schema\/logo\/image\/","url":"https:\/\/www.airtimecritical.com\/wp-content\/uploads\/2019\/10\/Logo_airtimecritical.png","contentUrl":"https:\/\/www.airtimecritical.com\/wp-content\/uploads\/2019\/10\/Logo_airtimecritical.png","width":246,"height":141,"caption":"Airt Time Critical - ATC"},"image":{"@id":"https:\/\/www.airtimecritical.com\/cs\/#\/schema\/logo\/image\/"},"sameAs":["https:\/\/www.facebook.com\/AirTimeCritical.Atc.airfreight","https:\/\/x.com\/AirTimeCritical","https:\/\/www.instagram.com\/airtimecritical\/","https:\/\/www.linkedin.com\/company\/air-time-critical-\/","https:\/\/www.youtube.com\/c\/Airtimecritical-envois-urgents-international\/"]}]}},"_links":{"self":[{"href":"https:\/\/www.airtimecritical.com\/cs\/wp-json\/wp\/v2\/pages\/1896","targetHints":{"allow":["GET"]}}],"collection":[{"href":"https:\/\/www.airtimecritical.com\/cs\/wp-json\/wp\/v2\/pages"}],"about":[{"href":"https:\/\/www.airtimecritical.com\/cs\/wp-json\/wp\/v2\/types\/page"}],"author":[{"embeddable":true,"href":"https:\/\/www.airtimecritical.com\/cs\/wp-json\/wp\/v2\/users\/2"}],"replies":[{"embeddable":true,"href":"https:\/\/www.airtimecritical.com\/cs\/wp-json\/wp\/v2\/comments?post=1896"}],"version-history":[{"count":4,"href":"https:\/\/www.airtimecritical.com\/cs\/wp-json\/wp\/v2\/pages\/1896\/revisions"}],"predecessor-version":[{"id":16136,"href":"https:\/\/www.airtimecritical.com\/cs\/wp-json\/wp\/v2\/pages\/1896\/revisions\/16136"}],"wp:attachment":[{"href":"https:\/\/www.airtimecritical.com\/cs\/wp-json\/wp\/v2\/media?parent=1896"}],"curies":[{"name":"wp","href":"https:\/\/api.w.org\/{rel}","templated":true}]}}