{"id":1879,"date":"2020-11-03T14:58:53","date_gmt":"2020-11-03T13:58:53","guid":{"rendered":"https:\/\/www.airtimecritical.com\/?page_id=1879"},"modified":"2025-11-11T12:26:07","modified_gmt":"2025-11-11T11:26:07","slug":"preprava-helikopterou","status":"publish","type":"page","link":"https:\/\/www.airtimecritical.com\/cs\/preprava-helikopterou","title":{"rendered":"P\u0159eprava helikopt\u00e9rou"},"content":{"rendered":"<div  data-label=\"Features\" data-id=\"features--3\" data-export-id=\"features-16\" data-category=\"features\" class=\"features-16 content-section content-section-spacing\" id=\"features-3\" style=\"background-color: #ffffff;\">\n<div  class=\"gridContainer\">\n<div  class=\"row text-center\">\n<div  class=\"section-title-col\" data-type=\"column\">\n<h2  class=\"\" style=\"border-bottom-color: #881717;\">P\u0159eprava helikopt\u00e9rou pro va\u0161e nejurgentn\u011bj\u0161\u00ed z\u00e1silky<\/h2>\n<p  class=\"lead\" style=\"text-align: justify;\"><span  style=\"font-weight: 400;\">V p\u0159\u00edpad\u011b ne\u010dekan\u00e9ho logistick\u00e9ho probl\u00e9mu v\u00e1m p\u0159eprava helikopt\u00e9rou pom\u016f\u017ee doru\u010dit z\u00e1silku z bodu A do bodu B v tom nejkrat\u0161\u00edm mo\u017en\u00e9m \u010dase. Ji\u017e \u017e\u00e1dn\u00e9 dopravn\u00ed z\u00e1cpy, zasn\u011b\u017een\u00e9 silnice \u010di jin\u00e9 p\u0159ek\u00e1\u017eky pro pozemn\u00ed p\u0159epravu \u2013 s n\u00e1mi p\u0159es n\u011b p\u0159elet\u00edte!<\/span><\/p>\nNab\u00edz\u00edme door-door \u0159e\u0161en\u00ed pro urgentn\u00ed z\u00e1silky v okruhu 200 a\u017e 600 km od m\u00edsta nakl\u00e1dky a celkov\u00e9 hmotnosti a\u017e do 500 kg (max. 25 kg\/ks).\n\n<\/div>\n<\/div>\n<div  class=\"row spaced-cols\" data-type=\"row\">\n<div  class=\"col-xs-12 col-sm-6 space-bottom col-md-6 \">\n\n<img  decoding=\"async\" class=\"face lazy-loaded alignnone\" src=\"https:\/\/www.airtimecritical.com\/wp-content\/uploads\/2019\/11\/cropped-helicopter-charter-for-fast-shipment-delivery-transport-by-helicopter.jpg\" data-lazy-type=\"image\" data-src=\"https:\/\/www.airtimecritical.com\/wp-content\/uploads\/2019\/11\/cropped-helicopter-charter-for-fast-shipment-delivery-transport-by-helicopter.jpg\" alt=\"P\u0159eprava helikopt\u00e9rou\" title=\"cropped-helicopter-charter-for-fast-shipment-delivery-transport-by-helicopter.jpg\" width=\"1215\" height=\"813\">\n<div  data-type=\"column\" class=\"col-padding-small col-padding-small-xs description-container\">\n<h4  class=\"font-500\">Typ helikopt\u00e9ry: Ecureuil AS350<\/h4>\n<p  class=\"\">5 pasa\u017e\u00e9r\u016f\nObjem n\u00e1kladu: 1 m\u00b3\nMax. rychlost: 220 km\/h\nDolet: 500 a\u017e 600 km<\/p>\n\n<\/div>\n<\/div>\n<div  class=\"col-xs-12 col-sm-6 space-bottom col-md-6 \">\n\n<img  decoding=\"async\" class=\"face lazy-loaded alignnone\" src=\"https:\/\/www.airtimecritical.com\/wp-content\/uploads\/2019\/11\/cropped-chartered-helicoper-for-critical-spare-parts-delivery-transport-by-helicopter.jpg\" data-lazy-type=\"image\" data-src=\"https:\/\/www.airtimecritical.com\/wp-content\/uploads\/2019\/11\/cropped-chartered-helicoper-for-critical-spare-parts-delivery-transport-by-helicopter.jpg\" alt=\"P\u0159eprava helikopt\u00e9rou\" title=\"cropped-chartered-helicoper-for-critical-spare-parts-delivery-transport-by-helicopter.jpg\" width=\"1215\" height=\"813\">\n<div  data-type=\"column\" class=\"col-padding-small col-padding-small-xs description-container\">\n<h4  class=\"font-500\">Typ helikopt\u00e9ry: Dauphin<\/h4>\n<p  class=\"\">6 pasa\u017e\u00e9r\u016f\nObjem n\u00e1kladu: 2,5 m\u00b3\nMax. rychlost: 270 km\/h\nDolet: 500 a\u017e 600 km<\/p>\n\n<\/div>\n<\/div>\n<\/div>\n<\/div>\n<\/div><div  data-label=\"Cta\" data-id=\"cta--1\" data-export-id=\"cta-centered-bg-section\" data-category=\"cta\" data-section-ov=\"1\" class=\"cta-centered-bg-section content-section content-section-spacing-medium white-text\" data-parallax-depth=\"20\" id=\"cta-1\" style=\"background-size: cover; background-position: center top; background-image: url(&quot;https:\/\/www.airtimecritical.com\/wp-content\/uploads\/2019\/11\/cropped-chartered-helicoper-for-critical-spare-parts-delivery-transport-by-helicopter.jpg&quot;); background-color: rgb(30, 108, 132);\" https:=\"\" airtimecritical=\"\" com=\"\" wp-content=\"\" uploads=\"\" 2019=\"\" 11=\"\" air-charter-freight-air-time-critical-urgent-transport=\"\" jpg=\"\" background-size:=\"\" cover=\"\" background-position:=\"\" center=\"\" top=\"\">\n<div  class=\"\">\n<div  class=\"row text-center\">\n<div  data-type=\"column\" class=\"\">\n<p  class=\"lead\"><span  style=\"font-weight: bold;\">Doporu\u010den\u00ed<\/span>: v p\u0159\u00edpad\u011b v\u011bt\u0161\u00ed vzd\u00e1lenosti \u010di t\u011b\u017e\u0161\u00edho n\u00e1kladu se pod\u00edvejte i na na\u0161e \u0159e\u0161en\u00ed Air Charter<\/p>\n<a  class=\"button no-shadow color2\" href=\"https:\/\/www.airtimecritical.com\/cs\/air-charter\" target=\"_blank\" data-cp-link=\"1\" data-icon=\"\" rel=\"noopener\">Air Charter p\u0159epravy<\/a>\n\n<\/div>\n<\/div>\n<\/div>\n<\/div><div  data-label=\"Contact\" data-id=\"contact--1\" data-export-id=\"contact-1\" data-category=\"contact\" class=\"contact-1 content-section content-section-spacing white-text\" data-parallax-depth=\"20\" id=\"contact-1\" style=\"background-color: rgb(245, 250, 253); background-image: url(&quot;https:\/\/www.airtimecritical.com\/wp-content\/uploads\/2019\/11\/chartered-helicoper-for-critical-spare-parts-delivery-Air-Time-Critical.jpg&quot;); background-size: cover; background-position: center top;\">\n<div  class=\"gridContainer\"><div  data-section-title-area=\"true\" class=\"row text-center\">   <div  class=\"section-title-col\" data-type=\"column\">       <h2  class=\"no-after\" style=\"border-bottom-color: rgb(136, 23, 23);\">M\u00e1te z\u00e1jem o na\u0161i expresn\u00ed p\u0159epravu z\u00e1silek helikopt\u00e9rou? Kontaktujte n\u00e1s!<\/h2>          <\/div><\/div>\n\n<div  class=\"row text-center\">\n<div  class=\"col-xs-12 col-sm-8 col-sm-offset-2 contact-form-wrapper inline-info\">\n<div  class=\"card large-padding\">\n<div  class=\"\" data-content-shortcode=\"mesmerize_contact_form shortcode=&quot;wpforms id=&amp;amp;quot;12779&amp;amp;quot;&quot;\" wpforms=\"\" id=\"&amp;quot;27&amp;quot;\" title=\"&amp;quot;false&amp;quot;\" description=\"&amp;quot;false&amp;quot;&quot;&quot;\" data-editable=\"true\"><div class=\"wpforms-container wpforms-container-full\" id=\"wpforms-12779\"><form id=\"wpforms-form-12779\" class=\"wpforms-validate wpforms-form\" data-formid=\"12779\" method=\"post\" enctype=\"multipart\/form-data\" action=\"\/cs\/wp-json\/wp\/v2\/pages\/1879\" data-token=\"acc773b5bcc3ac46cd9df5674d0d0df8\" data-token-time=\"1776937581\"><noscript class=\"wpforms-error-noscript\">Chcete-li vyplnit tento formul\u00e1\u0159, pros\u00edm povolte v prohl\u00ed\u017ee\u010di JavaScript.<\/noscript><div class=\"wpforms-field-container\"><div id=\"wpforms-12779-field_6-container\" class=\"wpforms-field wpforms-field-text\" data-field-id=\"6\"><label class=\"wpforms-field-label\" for=\"wpforms-12779-field_6\">Spole\u010dnost <span class=\"wpforms-required-label\">*<\/span><\/label><input type=\"text\" id=\"wpforms-12779-field_6\" class=\"wpforms-field-large wpforms-field-required\" name=\"wpforms[fields][6]\" required><\/div><div id=\"wpforms-12779-field_0-container\" class=\"wpforms-field wpforms-field-name\" data-field-id=\"0\"><label class=\"wpforms-field-label\" for=\"wpforms-12779-field_0\">Va\u0161e jm\u00e9no <span class=\"wpforms-required-label\">*<\/span><\/label><div class=\"wpforms-field-row wpforms-field-large\"><div class=\"wpforms-field-row-block wpforms-first wpforms-one-half\"><input type=\"text\" id=\"wpforms-12779-field_0\" class=\"wpforms-field-name-first wpforms-field-required\" name=\"wpforms[fields][0][first]\" placeholder=\"K\u0159estn\u00ed jm\u00e9no\" required><label for=\"wpforms-12779-field_0\" class=\"wpforms-field-sublabel after wpforms-sublabel-hide\">K\u0159estn\u00ed jm\u00e9no<\/label><\/div><div class=\"wpforms-field-row-block wpforms-one-half\"><input type=\"text\" id=\"wpforms-12779-field_0-last\" class=\"wpforms-field-name-last wpforms-field-required\" name=\"wpforms[fields][0][last]\" placeholder=\"  P\u0159\u00edjmen\u00ed\" required><label for=\"wpforms-12779-field_0-last\" class=\"wpforms-field-sublabel after wpforms-sublabel-hide\">P\u0159\u00edjmen\u00ed<\/label><\/div><\/div><\/div><div id=\"wpforms-12779-field_1-container\" class=\"wpforms-field wpforms-field-email\" data-field-id=\"1\"><label class=\"wpforms-field-label\" for=\"wpforms-12779-field_1\">E-mail <span class=\"wpforms-required-label\">*<\/span><\/label><input type=\"email\" id=\"wpforms-12779-field_1\" class=\"wpforms-field-large wpforms-field-required\" name=\"wpforms[fields][1]\" spellcheck=\"false\" required><\/div><div id=\"wpforms-12779-field_10-container\" class=\"wpforms-field wpforms-field-email\" data-field-id=\"10\"><label class=\"wpforms-field-label\" for=\"wpforms-12779-field_10\">Zanechte n\u00e1m va\u0161e telefonn\u00ed \u010d\u00edslo, kontaktujeme v\u00e1s co nejd\u0159\u00edve<\/label><input type=\"email\" id=\"wpforms-12779-field_10\" class=\"wpforms-field-large\" name=\"wpforms[fields][10]\" spellcheck=\"false\" ><\/div><div id=\"wpforms-12779-field_2-container\" class=\"wpforms-field wpforms-field-textarea\" data-field-id=\"2\"><label class=\"wpforms-field-label\" for=\"wpforms-12779-field_2\">Jak v\u00e1m m\u016f\u017eeme pomoci? <span class=\"wpforms-required-label\">*<\/span><\/label><textarea id=\"wpforms-12779-field_2\" class=\"wpforms-field-small wpforms-field-required\" name=\"wpforms[fields][2]\" required><\/textarea><div class=\"wpforms-field-description\"><p><font color=\"#808080\">P\u0159epravn\u00ed slu\u017eby nab\u00edzen\u00e9 spole\u010dnost\u00ed Air Time Critical\u00ae jsou ur\u010deny v\u00fdhradn\u011b pro firemn\u00ed z\u00e1kazn\u00edky (B2B).\n<span style=\"color:#881717;\"><b>Vyhrazujeme pr\u00e1vo reagovat pouze na \u017e\u00e1dosti, kter\u00e9 jsme schopni zpracovat. D\u011bkujeme za pochopen\u00ed.<\/b><\/span><\/font><\/p><\/div><\/div><\/div><!-- .wpforms-field-container --><div class=\"wpforms-field wpforms-field-hp\"><label for=\"wpforms-12779-field-hp\" class=\"wpforms-field-label\">Comment<\/label><input type=\"text\" name=\"wpforms[hp]\" id=\"wpforms-12779-field-hp\" class=\"wpforms-field-medium\"><\/div><div class=\"wpforms-recaptcha-container wpforms-is-recaptcha wpforms-is-recaptcha-type-v2\" ><div class=\"g-recaptcha\" data-sitekey=\"6LdzDgEVAAAAAOf14c3OKG3MuZmB-Et3p01FJ3Dq\"><\/div><input type=\"text\" name=\"g-recaptcha-hidden\" class=\"wpforms-recaptcha-hidden\" style=\"position:absolute!important;clip:rect(0,0,0,0)!important;height:1px!important;width:1px!important;border:0!important;overflow:hidden!important;padding:0!important;margin:0!important;\" data-rule-recaptcha=\"1\"><\/div><div class=\"wpforms-submit-container\" ><input type=\"hidden\" name=\"wpforms[id]\" value=\"12779\"><input type=\"hidden\" name=\"page_title\" value=\"\"><input type=\"hidden\" name=\"page_url\" value=\"https:\/\/www.airtimecritical.com\/cs\/wp-json\/wp\/v2\/pages\/1879\"><input type=\"hidden\" name=\"url_referer\" value=\"\"><button type=\"submit\" name=\"wpforms[submit]\" id=\"wpforms-submit-12779\" class=\"wpforms-submit\" data-alt-text=\"Prob\u00edh\u00e1 odes\u00edl\u00e1n\u00ed...\" data-submit-text=\"Odeslat\" aria-live=\"assertive\" value=\"wpforms-submit\">Odeslat<\/button><\/div><\/form><\/div>  <!-- .wpforms-container --><\/div>\n<\/div>\n<\/div>\n<\/div>\n<\/div>\n<\/div>","protected":false},"excerpt":{"rendered":"<p>P\u0159eprava helikopt\u00e9rou pro va\u0161e nejurgentn\u011bj\u0161\u00ed z\u00e1silky V p\u0159\u00edpad\u011b ne\u010dekan\u00e9ho logistick\u00e9ho probl\u00e9mu v\u00e1m p\u0159eprava helikopt\u00e9rou pom\u016f\u017ee doru\u010dit z\u00e1silku z bodu A do bodu B v tom nejkrat\u0161\u00edm mo\u017en\u00e9m \u010dase. Ji\u017e \u017e\u00e1dn\u00e9 dopravn\u00ed z\u00e1cpy, zasn\u011b\u017een\u00e9 silnice \u010di jin\u00e9 p\u0159ek\u00e1\u017eky pro pozemn\u00ed p\u0159epravu \u2013 s n\u00e1mi p\u0159es n\u011b p\u0159elet\u00edte! Nab\u00edz\u00edme door-door \u0159e\u0161en\u00ed pro urgentn\u00ed z\u00e1silky v okruhu 200&hellip; <br \/> <a class=\"read-more\" href=\"https:\/\/www.airtimecritical.com\/cs\/preprava-helikopterou\">Read more<\/a><\/p>\n","protected":false},"author":2,"featured_media":472,"parent":0,"menu_order":0,"comment_status":"closed","ping_status":"closed","template":"page-templates\/page-with-right-sidebar.php","meta":{"footnotes":""},"class_list":["post-1879","page","type-page","status-publish","has-post-thumbnail","hentry"],"yoast_head":"<!-- This site is optimized with the Yoast SEO Premium plugin v27.3 (Yoast SEO v27.4) - https:\/\/yoast.com\/product\/yoast-seo-premium-wordpress\/ -->\n<title>P\u0159eprava helikopt\u00e9rou - Air Time Critical\u00ae - ATC\u00ae<\/title>\n<meta name=\"description\" content=\"Pron\u00e1jem helikopt\u00e9ry umo\u017en\u00ed co nejrychleji doru\u010dit v\u00e1\u0161 n\u00e1klad v okruhu 200-600 km.\" \/>\n<meta name=\"robots\" content=\"index, follow, max-snippet:-1, max-image-preview:large, max-video-preview:-1\" \/>\n<link rel=\"canonical\" href=\"https:\/\/www.airtimecritical.com\/cs\/preprava-helikopterou\" \/>\n<meta property=\"og:locale\" content=\"cs_CZ\" \/>\n<meta property=\"og:type\" content=\"article\" \/>\n<meta property=\"og:title\" content=\"P\u0159eprava helikopt\u00e9rou\" \/>\n<meta property=\"og:description\" content=\"Pron\u00e1jem helikopt\u00e9ry umo\u017en\u00ed co nejrychleji doru\u010dit v\u00e1\u0161 n\u00e1klad v okruhu 200-600 km.\" \/>\n<meta property=\"og:url\" content=\"https:\/\/www.airtimecritical.com\/cs\/preprava-helikopterou\" \/>\n<meta property=\"og:site_name\" content=\"Air Time Critical\u00ae - ATC\u00ae\" \/>\n<meta property=\"article:publisher\" content=\"https:\/\/www.facebook.com\/AirTimeCritical.Atc.airfreight\" \/>\n<meta property=\"article:modified_time\" content=\"2025-11-11T11:26:07+00:00\" \/>\n<meta property=\"og:image\" content=\"https:\/\/www.airtimecritical.com\/wp-content\/uploads\/2019\/11\/helicopter-charter-for-fast-shipment-delivery-Air-Time-Critical_c.jpg\" \/>\n\t<meta property=\"og:image:width\" content=\"1041\" \/>\n\t<meta property=\"og:image:height\" content=\"502\" \/>\n\t<meta property=\"og:image:type\" content=\"image\/jpeg\" \/>\n<meta name=\"twitter:card\" content=\"summary_large_image\" \/>\n<meta name=\"twitter:site\" content=\"@AirTimeCritical\" \/>\n<meta name=\"twitter:label1\" content=\"Odhadovan\u00e1 doba \u010dten\u00ed\" \/>\n\t<meta name=\"twitter:data1\" content=\"2 minuty\" \/>\n<script type=\"application\/ld+json\" class=\"yoast-schema-graph\">{\"@context\":\"https:\\\/\\\/schema.org\",\"@graph\":[{\"@type\":\"WebPage\",\"@id\":\"https:\\\/\\\/www.airtimecritical.com\\\/cs\\\/preprava-helikopterou\",\"url\":\"https:\\\/\\\/www.airtimecritical.com\\\/cs\\\/preprava-helikopterou\",\"name\":\"P\u0159eprava helikopt\u00e9rou - Air Time Critical\u00ae - ATC\u00ae\",\"isPartOf\":{\"@id\":\"https:\\\/\\\/www.airtimecritical.com\\\/cs\\\/#website\"},\"primaryImageOfPage\":{\"@id\":\"https:\\\/\\\/www.airtimecritical.com\\\/cs\\\/preprava-helikopterou#primaryimage\"},\"image\":{\"@id\":\"https:\\\/\\\/www.airtimecritical.com\\\/cs\\\/preprava-helikopterou#primaryimage\"},\"thumbnailUrl\":\"https:\\\/\\\/www.airtimecritical.com\\\/wp-content\\\/uploads\\\/2019\\\/11\\\/helicopter-charter-for-fast-shipment-delivery-Air-Time-Critical_c.jpg\",\"datePublished\":\"2020-11-03T13:58:53+00:00\",\"dateModified\":\"2025-11-11T11:26:07+00:00\",\"description\":\"Pron\u00e1jem helikopt\u00e9ry umo\u017en\u00ed co nejrychleji doru\u010dit v\u00e1\u0161 n\u00e1klad v okruhu 200-600 km.\",\"breadcrumb\":{\"@id\":\"https:\\\/\\\/www.airtimecritical.com\\\/cs\\\/preprava-helikopterou#breadcrumb\"},\"inLanguage\":\"cs\",\"potentialAction\":[{\"@type\":\"ReadAction\",\"target\":[\"https:\\\/\\\/www.airtimecritical.com\\\/cs\\\/preprava-helikopterou\"]}]},{\"@type\":\"ImageObject\",\"inLanguage\":\"cs\",\"@id\":\"https:\\\/\\\/www.airtimecritical.com\\\/cs\\\/preprava-helikopterou#primaryimage\",\"url\":\"https:\\\/\\\/www.airtimecritical.com\\\/wp-content\\\/uploads\\\/2019\\\/11\\\/helicopter-charter-for-fast-shipment-delivery-Air-Time-Critical_c.jpg\",\"contentUrl\":\"https:\\\/\\\/www.airtimecritical.com\\\/wp-content\\\/uploads\\\/2019\\\/11\\\/helicopter-charter-for-fast-shipment-delivery-Air-Time-Critical_c.jpg\",\"width\":1041,\"height\":502,\"caption\":\"P\u0159eprava helikopt\u00e9rou\"},{\"@type\":\"BreadcrumbList\",\"@id\":\"https:\\\/\\\/www.airtimecritical.com\\\/cs\\\/preprava-helikopterou#breadcrumb\",\"itemListElement\":[{\"@type\":\"ListItem\",\"position\":1,\"name\":\"Home\",\"item\":\"https:\\\/\\\/www.airtimecritical.com\\\/cs\"},{\"@type\":\"ListItem\",\"position\":2,\"name\":\"P\u0159eprava helikopt\u00e9rou\"}]},{\"@type\":\"WebSite\",\"@id\":\"https:\\\/\\\/www.airtimecritical.com\\\/cs\\\/#website\",\"url\":\"https:\\\/\\\/www.airtimecritical.com\\\/cs\\\/\",\"name\":\"Air Time Critical - ATC\",\"description\":\"Air Time Critical\u00ae offers priority air freight solutions to the industry in Europe, the Americas, and Asia | Door to door transport\",\"publisher\":{\"@id\":\"https:\\\/\\\/www.airtimecritical.com\\\/cs\\\/#organization\"},\"potentialAction\":[{\"@type\":\"SearchAction\",\"target\":{\"@type\":\"EntryPoint\",\"urlTemplate\":\"https:\\\/\\\/www.airtimecritical.com\\\/cs\\\/?s={search_term_string}\"},\"query-input\":{\"@type\":\"PropertyValueSpecification\",\"valueRequired\":true,\"valueName\":\"search_term_string\"}}],\"inLanguage\":\"cs\"},{\"@type\":\"Organization\",\"@id\":\"https:\\\/\\\/www.airtimecritical.com\\\/cs\\\/#organization\",\"name\":\"Airt Time Critical - ATC\",\"url\":\"https:\\\/\\\/www.airtimecritical.com\\\/cs\\\/\",\"logo\":{\"@type\":\"ImageObject\",\"inLanguage\":\"cs\",\"@id\":\"https:\\\/\\\/www.airtimecritical.com\\\/cs\\\/#\\\/schema\\\/logo\\\/image\\\/\",\"url\":\"https:\\\/\\\/www.airtimecritical.com\\\/wp-content\\\/uploads\\\/2019\\\/10\\\/Logo_airtimecritical.png\",\"contentUrl\":\"https:\\\/\\\/www.airtimecritical.com\\\/wp-content\\\/uploads\\\/2019\\\/10\\\/Logo_airtimecritical.png\",\"width\":246,\"height\":141,\"caption\":\"Airt Time Critical - ATC\"},\"image\":{\"@id\":\"https:\\\/\\\/www.airtimecritical.com\\\/cs\\\/#\\\/schema\\\/logo\\\/image\\\/\"},\"sameAs\":[\"https:\\\/\\\/www.facebook.com\\\/AirTimeCritical.Atc.airfreight\",\"https:\\\/\\\/x.com\\\/AirTimeCritical\",\"https:\\\/\\\/www.instagram.com\\\/airtimecritical\\\/\",\"https:\\\/\\\/www.linkedin.com\\\/company\\\/air-time-critical-\\\/\",\"https:\\\/\\\/www.youtube.com\\\/c\\\/Airtimecritical-envois-urgents-international\\\/\"]}]}<\/script>\n<!-- \/ Yoast SEO Premium plugin. -->","yoast_head_json":{"title":"P\u0159eprava helikopt\u00e9rou - Air Time Critical\u00ae - ATC\u00ae","description":"Pron\u00e1jem helikopt\u00e9ry umo\u017en\u00ed co nejrychleji doru\u010dit v\u00e1\u0161 n\u00e1klad v okruhu 200-600 km.","robots":{"index":"index","follow":"follow","max-snippet":"max-snippet:-1","max-image-preview":"max-image-preview:large","max-video-preview":"max-video-preview:-1"},"canonical":"https:\/\/www.airtimecritical.com\/cs\/preprava-helikopterou","og_locale":"cs_CZ","og_type":"article","og_title":"P\u0159eprava helikopt\u00e9rou","og_description":"Pron\u00e1jem helikopt\u00e9ry umo\u017en\u00ed co nejrychleji doru\u010dit v\u00e1\u0161 n\u00e1klad v okruhu 200-600 km.","og_url":"https:\/\/www.airtimecritical.com\/cs\/preprava-helikopterou","og_site_name":"Air Time Critical\u00ae - ATC\u00ae","article_publisher":"https:\/\/www.facebook.com\/AirTimeCritical.Atc.airfreight","article_modified_time":"2025-11-11T11:26:07+00:00","og_image":[{"width":1041,"height":502,"url":"https:\/\/www.airtimecritical.com\/wp-content\/uploads\/2019\/11\/helicopter-charter-for-fast-shipment-delivery-Air-Time-Critical_c.jpg","type":"image\/jpeg"}],"twitter_card":"summary_large_image","twitter_site":"@AirTimeCritical","twitter_misc":{"Odhadovan\u00e1 doba \u010dten\u00ed":"2 minuty"},"schema":{"@context":"https:\/\/schema.org","@graph":[{"@type":"WebPage","@id":"https:\/\/www.airtimecritical.com\/cs\/preprava-helikopterou","url":"https:\/\/www.airtimecritical.com\/cs\/preprava-helikopterou","name":"P\u0159eprava helikopt\u00e9rou - Air Time Critical\u00ae - ATC\u00ae","isPartOf":{"@id":"https:\/\/www.airtimecritical.com\/cs\/#website"},"primaryImageOfPage":{"@id":"https:\/\/www.airtimecritical.com\/cs\/preprava-helikopterou#primaryimage"},"image":{"@id":"https:\/\/www.airtimecritical.com\/cs\/preprava-helikopterou#primaryimage"},"thumbnailUrl":"https:\/\/www.airtimecritical.com\/wp-content\/uploads\/2019\/11\/helicopter-charter-for-fast-shipment-delivery-Air-Time-Critical_c.jpg","datePublished":"2020-11-03T13:58:53+00:00","dateModified":"2025-11-11T11:26:07+00:00","description":"Pron\u00e1jem helikopt\u00e9ry umo\u017en\u00ed co nejrychleji doru\u010dit v\u00e1\u0161 n\u00e1klad v okruhu 200-600 km.","breadcrumb":{"@id":"https:\/\/www.airtimecritical.com\/cs\/preprava-helikopterou#breadcrumb"},"inLanguage":"cs","potentialAction":[{"@type":"ReadAction","target":["https:\/\/www.airtimecritical.com\/cs\/preprava-helikopterou"]}]},{"@type":"ImageObject","inLanguage":"cs","@id":"https:\/\/www.airtimecritical.com\/cs\/preprava-helikopterou#primaryimage","url":"https:\/\/www.airtimecritical.com\/wp-content\/uploads\/2019\/11\/helicopter-charter-for-fast-shipment-delivery-Air-Time-Critical_c.jpg","contentUrl":"https:\/\/www.airtimecritical.com\/wp-content\/uploads\/2019\/11\/helicopter-charter-for-fast-shipment-delivery-Air-Time-Critical_c.jpg","width":1041,"height":502,"caption":"P\u0159eprava helikopt\u00e9rou"},{"@type":"BreadcrumbList","@id":"https:\/\/www.airtimecritical.com\/cs\/preprava-helikopterou#breadcrumb","itemListElement":[{"@type":"ListItem","position":1,"name":"Home","item":"https:\/\/www.airtimecritical.com\/cs"},{"@type":"ListItem","position":2,"name":"P\u0159eprava helikopt\u00e9rou"}]},{"@type":"WebSite","@id":"https:\/\/www.airtimecritical.com\/cs\/#website","url":"https:\/\/www.airtimecritical.com\/cs\/","name":"Air Time Critical - ATC","description":"Air Time Critical\u00ae offers priority air freight solutions to the industry in Europe, the Americas, and Asia | Door to door transport","publisher":{"@id":"https:\/\/www.airtimecritical.com\/cs\/#organization"},"potentialAction":[{"@type":"SearchAction","target":{"@type":"EntryPoint","urlTemplate":"https:\/\/www.airtimecritical.com\/cs\/?s={search_term_string}"},"query-input":{"@type":"PropertyValueSpecification","valueRequired":true,"valueName":"search_term_string"}}],"inLanguage":"cs"},{"@type":"Organization","@id":"https:\/\/www.airtimecritical.com\/cs\/#organization","name":"Airt Time Critical - ATC","url":"https:\/\/www.airtimecritical.com\/cs\/","logo":{"@type":"ImageObject","inLanguage":"cs","@id":"https:\/\/www.airtimecritical.com\/cs\/#\/schema\/logo\/image\/","url":"https:\/\/www.airtimecritical.com\/wp-content\/uploads\/2019\/10\/Logo_airtimecritical.png","contentUrl":"https:\/\/www.airtimecritical.com\/wp-content\/uploads\/2019\/10\/Logo_airtimecritical.png","width":246,"height":141,"caption":"Airt Time Critical - ATC"},"image":{"@id":"https:\/\/www.airtimecritical.com\/cs\/#\/schema\/logo\/image\/"},"sameAs":["https:\/\/www.facebook.com\/AirTimeCritical.Atc.airfreight","https:\/\/x.com\/AirTimeCritical","https:\/\/www.instagram.com\/airtimecritical\/","https:\/\/www.linkedin.com\/company\/air-time-critical-\/","https:\/\/www.youtube.com\/c\/Airtimecritical-envois-urgents-international\/"]}]}},"_links":{"self":[{"href":"https:\/\/www.airtimecritical.com\/cs\/wp-json\/wp\/v2\/pages\/1879","targetHints":{"allow":["GET"]}}],"collection":[{"href":"https:\/\/www.airtimecritical.com\/cs\/wp-json\/wp\/v2\/pages"}],"about":[{"href":"https:\/\/www.airtimecritical.com\/cs\/wp-json\/wp\/v2\/types\/page"}],"author":[{"embeddable":true,"href":"https:\/\/www.airtimecritical.com\/cs\/wp-json\/wp\/v2\/users\/2"}],"replies":[{"embeddable":true,"href":"https:\/\/www.airtimecritical.com\/cs\/wp-json\/wp\/v2\/comments?post=1879"}],"version-history":[{"count":3,"href":"https:\/\/www.airtimecritical.com\/cs\/wp-json\/wp\/v2\/pages\/1879\/revisions"}],"predecessor-version":[{"id":15904,"href":"https:\/\/www.airtimecritical.com\/cs\/wp-json\/wp\/v2\/pages\/1879\/revisions\/15904"}],"wp:featuredmedia":[{"embeddable":true,"href":"https:\/\/www.airtimecritical.com\/cs\/wp-json\/wp\/v2\/media\/472"}],"wp:attachment":[{"href":"https:\/\/www.airtimecritical.com\/cs\/wp-json\/wp\/v2\/media?parent=1879"}],"curies":[{"name":"wp","href":"https:\/\/api.w.org\/{rel}","templated":true}]}}